{"id":1001,"date":"2026-04-12T15:43:50","date_gmt":"2026-04-12T15:43:50","guid":{"rendered":"https:\/\/silk-pajamas.com\/19-momme-charmeuse-mulberry-silk-panties-french-cut-blush\/"},"modified":"2026-04-16T07:02:00","modified_gmt":"2026-04-16T07:02:00","slug":"19-momme-charmeuse-mulberry-silk-panties-french-cut-blush","status":"publish","type":"product","link":"https:\/\/silk-pajamas.com\/de\/19-momme-charmeuse-mulberry-silk-panties-french-cut-blush\/","title":{"rendered":"19 Momme Charmeuse Maulbeerseidenh\u00f6schen French Cut Blush"},"content":{"rendered":"<p>Dieser Seidenslip ist aus 19 Momme-Charmeuse-Seide in einem err\u00f6tenden Ton gefertigt. Er zeichnet sich durch einen franz\u00f6sischen Schnitt, ein glattes Handgef\u00fchl und einen bequemen Fall f\u00fcr den t\u00e4glichen Gebrauch aus. Das Modell ist in den Gr\u00f6\u00dfen S, M, L und XL erh\u00e4ltlich und eignet sich gut f\u00fcr den Sommer, zum Verschenken und f\u00fcr den t\u00e4glichen Komfort. Handw\u00e4sche kalt oder im Schonwaschgang.<\/p>","protected":false},"excerpt":{"rendered":"<p>19 Momme Charmeuse Seidenslips in Blush. French-Cut-Verarbeitung, weicher Faltenwurf und Gr\u00f6\u00dfenauswahl S, M, L, XL. Entworfen f\u00fcr den t\u00e4glichen Gebrauch.<\/p>","protected":false},"featured_media":1067,"template":"","meta":{"_gspb_post_css":""},"product_brand":[],"product_cat":[39],"product_tag":[1043,1044,1025],"class_list":{"0":"post-1001","1":"product","2":"type-product","3":"status-publish","4":"has-post-thumbnail","6":"product_cat-silk-panties","7":"product_tag-19-momme-silk-panties-blush","8":"product_tag-charmeuse-silk-panties-french-cut","9":"product_tag-vendor-silk-panties-for-daily-wear","11":"first","12":"instock","13":"shipping-taxable","14":"purchasable","15":"product-type-simple"},"_links":{"self":[{"href":"https:\/\/silk-pajamas.com\/de\/wp-json\/wp\/v2\/product\/1001","targetHints":{"allow":["GET"]}}],"collection":[{"href":"https:\/\/silk-pajamas.com\/de\/wp-json\/wp\/v2\/product"}],"about":[{"href":"https:\/\/silk-pajamas.com\/de\/wp-json\/wp\/v2\/types\/product"}],"wp:featuredmedia":[{"embeddable":true,"href":"https:\/\/silk-pajamas.com\/de\/wp-json\/wp\/v2\/media\/1067"}],"wp:attachment":[{"href":"https:\/\/silk-pajamas.com\/de\/wp-json\/wp\/v2\/media?parent=1001"}],"wp:term":[{"taxonomy":"product_brand","embeddable":true,"href":"https:\/\/silk-pajamas.com\/de\/wp-json\/wp\/v2\/product_brand?post=1001"},{"taxonomy":"product_cat","embeddable":true,"href":"https:\/\/silk-pajamas.com\/de\/wp-json\/wp\/v2\/product_cat?post=1001"},{"taxonomy":"product_tag","embeddable":true,"href":"https:\/\/silk-pajamas.com\/de\/wp-json\/wp\/v2\/product_tag?post=1001"}],"curies":[{"name":"wp","href":"https:\/\/api.w.org\/{rel}","templated":true}]}}