{"id":1007,"date":"2026-04-12T15:43:50","date_gmt":"2026-04-12T15:43:50","guid":{"rendered":"https:\/\/silk-pajamas.com\/22-momme-stretch-silk-mulberry-silk-panties-plus-size-silver\/"},"modified":"2026-04-16T07:13:45","modified_gmt":"2026-04-16T07:13:45","slug":"22-momme-stretch-silk-mulberry-silk-panties-plus-size-silver","status":"publish","type":"product","link":"https:\/\/silk-pajamas.com\/de\/22-momme-stretch-silk-mulberry-silk-panties-plus-size-silver\/","title":{"rendered":"22 Momme Stretch Seide Maulbeere Seidenh\u00f6schen Plus Gr\u00f6\u00dfe Silber"},"content":{"rendered":"<p>Dieser Seidenslip ist aus 22 momme Stretch-Seide in einem Silberton gefertigt. Er zeichnet sich durch einen franz\u00f6sischen Schnitt, ein glattes Handgef\u00fchl und einen angenehmen Fall f\u00fcr die Brautgarderobe aus. Das Modell ist in den Gr\u00f6\u00dfen XL, XXL, 3XL und 4XL erh\u00e4ltlich und eignet sich gut f\u00fcr den Herbst, zum Verschenken und f\u00fcr den t\u00e4glichen Komfort. Handw\u00e4sche kalt oder im Schonwaschgang.<\/p>","protected":false},"excerpt":{"rendered":"<p>22 Momme Stretch Silk Seidenslips in Silber. French Cut Verarbeitung, leichtes Tragegef\u00fchl und Gr\u00f6\u00dfenauswahl XL, XXL, 3XL, 4XL. Entworfen f\u00fcr die Brautgarderobe.<\/p>","protected":false},"featured_media":1091,"template":"","meta":{"_gspb_post_css":""},"product_brand":[],"product_cat":[39],"product_tag":[1039,1036,1055],"class_list":{"0":"post-1007","1":"product","2":"type-product","3":"status-publish","4":"has-post-thumbnail","6":"product_cat-silk-panties","7":"product_tag-22-momme-silk-panties-silver","8":"product_tag-stretch-silk-silk-panties-french-cut","9":"product_tag-supplier-silk-panties-for-bridal-wardrobes","11":"first","12":"instock","13":"shipping-taxable","14":"purchasable","15":"product-type-simple"},"_links":{"self":[{"href":"https:\/\/silk-pajamas.com\/de\/wp-json\/wp\/v2\/product\/1007","targetHints":{"allow":["GET"]}}],"collection":[{"href":"https:\/\/silk-pajamas.com\/de\/wp-json\/wp\/v2\/product"}],"about":[{"href":"https:\/\/silk-pajamas.com\/de\/wp-json\/wp\/v2\/types\/product"}],"wp:featuredmedia":[{"embeddable":true,"href":"https:\/\/silk-pajamas.com\/de\/wp-json\/wp\/v2\/media\/1091"}],"wp:attachment":[{"href":"https:\/\/silk-pajamas.com\/de\/wp-json\/wp\/v2\/media?parent=1007"}],"wp:term":[{"taxonomy":"product_brand","embeddable":true,"href":"https:\/\/silk-pajamas.com\/de\/wp-json\/wp\/v2\/product_brand?post=1007"},{"taxonomy":"product_cat","embeddable":true,"href":"https:\/\/silk-pajamas.com\/de\/wp-json\/wp\/v2\/product_cat?post=1007"},{"taxonomy":"product_tag","embeddable":true,"href":"https:\/\/silk-pajamas.com\/de\/wp-json\/wp\/v2\/product_tag?post=1007"}],"curies":[{"name":"wp","href":"https:\/\/api.w.org\/{rel}","templated":true}]}}