{"id":1010,"date":"2026-04-12T15:43:51","date_gmt":"2026-04-12T15:43:51","guid":{"rendered":"https:\/\/silk-pajamas.com\/16-momme-charmeuse-silk-panties-high-rise-champagne\/"},"modified":"2026-04-16T06:42:06","modified_gmt":"2026-04-16T06:42:06","slug":"16-momme-charmeuse-silk-panties-high-rise-champagne","status":"publish","type":"product","link":"https:\/\/silk-pajamas.com\/de\/16-momme-charmeuse-silk-panties-high-rise-champagne\/","title":{"rendered":"16 Momme Charmeuse Seidenschl\u00fcpfer High Rise Champagner"},"content":{"rendered":"<p>Dieser Seidenslip ist aus 16 Momme-Charmeuse-Seide in einem Champagnerton gefertigt. Er hat eine hohe Leibh\u00f6he, ein weiches Handgef\u00fchl und einen bequemen Fall f\u00fcr den t\u00e4glichen Gebrauch. Das Modell ist in den Gr\u00f6\u00dfen S, M, L und XL erh\u00e4ltlich und eignet sich f\u00fcr alle Jahreszeiten, zum Verschenken und f\u00fcr den t\u00e4glichen Komfort. Handw\u00e4sche kalt oder im Schonwaschgang.<\/p>","protected":false},"excerpt":{"rendered":"<p>16 Momme Charmeuse Seidenslips in Champagner. High-Rise-Finish, weiches Tragegef\u00fchl und Gr\u00f6\u00dfenauswahl S, M, L, XL. Entworfen f\u00fcr den t\u00e4glichen Gebrauch.<\/p>","protected":false},"featured_media":1030,"template":"","meta":{"_gspb_post_css":""},"product_brand":[],"product_cat":[39],"product_tag":[1061,1062,1028],"class_list":{"0":"post-1010","1":"product","2":"type-product","3":"status-publish","4":"has-post-thumbnail","6":"product_cat-silk-panties","7":"product_tag-16-momme-silk-panties-champagne","8":"product_tag-charmeuse-silk-panties-high-rise","9":"product_tag-supplier-silk-panties-for-daily-wear","11":"first","12":"instock","13":"featured","14":"shipping-taxable","15":"purchasable","16":"product-type-simple"},"_links":{"self":[{"href":"https:\/\/silk-pajamas.com\/de\/wp-json\/wp\/v2\/product\/1010","targetHints":{"allow":["GET"]}}],"collection":[{"href":"https:\/\/silk-pajamas.com\/de\/wp-json\/wp\/v2\/product"}],"about":[{"href":"https:\/\/silk-pajamas.com\/de\/wp-json\/wp\/v2\/types\/product"}],"wp:featuredmedia":[{"embeddable":true,"href":"https:\/\/silk-pajamas.com\/de\/wp-json\/wp\/v2\/media\/1030"}],"wp:attachment":[{"href":"https:\/\/silk-pajamas.com\/de\/wp-json\/wp\/v2\/media?parent=1010"}],"wp:term":[{"taxonomy":"product_brand","embeddable":true,"href":"https:\/\/silk-pajamas.com\/de\/wp-json\/wp\/v2\/product_brand?post=1010"},{"taxonomy":"product_cat","embeddable":true,"href":"https:\/\/silk-pajamas.com\/de\/wp-json\/wp\/v2\/product_cat?post=1010"},{"taxonomy":"product_tag","embeddable":true,"href":"https:\/\/silk-pajamas.com\/de\/wp-json\/wp\/v2\/product_tag?post=1010"}],"curies":[{"name":"wp","href":"https:\/\/api.w.org\/{rel}","templated":true}]}}