{"id":1011,"date":"2026-04-12T15:43:51","date_gmt":"2026-04-12T15:43:51","guid":{"rendered":"https:\/\/silk-pajamas.com\/19-momme-mulberry-silk-panties-mid-rise-black-wholesale\/"},"modified":"2026-04-16T06:44:07","modified_gmt":"2026-04-16T06:44:07","slug":"19-momme-mulberry-silk-panties-mid-rise-black-wholesale","status":"publish","type":"product","link":"https:\/\/silk-pajamas.com\/de\/19-momme-mulberry-silk-panties-mid-rise-black-wholesale\/","title":{"rendered":"19 Momme Mulberry Silk Panties Mid Rise Schwarz Gro\u00dfhandel"},"content":{"rendered":"<p>Dieser Seidenslip aus 19 momme Maulbeerseide kombiniert eine mittlere Leibh\u00f6he mit einem weichen Glanz und einem atmungsaktiven Tragegef\u00fchl. Das schwarze Finish verleiht ihm einen raffinierten Look, w\u00e4hrend die Gr\u00f6\u00dfen XL, XXL, 3XL, 4XL helfen, den Kernbedarf zu decken. Geeignet f\u00fcr empfindliche Haut und f\u00fcr die Fr\u00fchlingsgarderobe. Kalt von Hand waschen oder im Schonwaschgang.<\/p>","protected":false},"excerpt":{"rendered":"<p>19 Momme Mulberry Seidenslips in Schwarz. Mid Rise Finish, weiches Tragegef\u00fchl und Gr\u00f6\u00dfenbereich XL, XXL, 3XL, 4XL. Entworfen f\u00fcr empfindliche Haut.<\/p>","protected":false},"featured_media":1034,"template":"","meta":{"_gspb_post_css":""},"product_brand":[],"product_cat":[39],"product_tag":[1020,1018,1037],"class_list":{"0":"post-1011","1":"product","2":"type-product","3":"status-publish","4":"has-post-thumbnail","6":"product_cat-silk-panties","7":"product_tag-19-momme-silk-panties-black","8":"product_tag-mulberry-silk-panties-mid-rise","9":"product_tag-vendor-silk-panties-for-sensitive-skin","11":"first","12":"instock","13":"shipping-taxable","14":"purchasable","15":"product-type-simple"},"_links":{"self":[{"href":"https:\/\/silk-pajamas.com\/de\/wp-json\/wp\/v2\/product\/1011","targetHints":{"allow":["GET"]}}],"collection":[{"href":"https:\/\/silk-pajamas.com\/de\/wp-json\/wp\/v2\/product"}],"about":[{"href":"https:\/\/silk-pajamas.com\/de\/wp-json\/wp\/v2\/types\/product"}],"wp:featuredmedia":[{"embeddable":true,"href":"https:\/\/silk-pajamas.com\/de\/wp-json\/wp\/v2\/media\/1034"}],"wp:attachment":[{"href":"https:\/\/silk-pajamas.com\/de\/wp-json\/wp\/v2\/media?parent=1011"}],"wp:term":[{"taxonomy":"product_brand","embeddable":true,"href":"https:\/\/silk-pajamas.com\/de\/wp-json\/wp\/v2\/product_brand?post=1011"},{"taxonomy":"product_cat","embeddable":true,"href":"https:\/\/silk-pajamas.com\/de\/wp-json\/wp\/v2\/product_cat?post=1011"},{"taxonomy":"product_tag","embeddable":true,"href":"https:\/\/silk-pajamas.com\/de\/wp-json\/wp\/v2\/product_tag?post=1011"}],"curies":[{"name":"wp","href":"https:\/\/api.w.org\/{rel}","templated":true}]}}