{"id":1013,"date":"2026-04-12T15:43:51","date_gmt":"2026-04-12T15:43:51","guid":{"rendered":"https:\/\/silk-pajamas.com\/16-momme-stretch-silk-mulberry-silk-panties-s-xl-silver\/"},"modified":"2026-04-16T06:48:05","modified_gmt":"2026-04-16T06:48:05","slug":"16-momme-stretch-silk-mulberry-silk-panties-s-xl-silver","status":"publish","type":"product","link":"https:\/\/silk-pajamas.com\/de\/16-momme-stretch-silk-mulberry-silk-panties-s-xl-silver\/","title":{"rendered":"16 Momme Stretch Seide Maulbeer Seidenh\u00f6schen S-XL Silber"},"content":{"rendered":"<p>Dieser Seidenslip aus 16-Momme-Stretchseide kombiniert eine dehnbare Passform mit einem weichen Glanz und einem atmungsaktiven Tragegef\u00fchl. Das silberne Finish verleiht ihm einen raffinierten Look, w\u00e4hrend die Gr\u00f6\u00dfen S, M, L, XL helfen, den Kernbedarf zu decken. Geeignet f\u00fcr das t\u00e4gliche Tragen und die Fr\u00fchlingsgarderobe. Kalt von Hand waschen oder im Schonwaschgang.<\/p>","protected":false},"excerpt":{"rendered":"<p>16 Momme Stretch Silk Seidenslips in Silber. Stretch Fit Finish, weiches Tragegef\u00fchl und Gr\u00f6\u00dfenauswahl S, M, L, XL. Entworfen f\u00fcr den t\u00e4glichen Gebrauch.<\/p>","protected":false},"featured_media":1040,"template":"","meta":{"_gspb_post_css":""},"product_brand":[],"product_cat":[39],"product_tag":[1017,1052,1063],"class_list":{"0":"post-1013","1":"product","2":"type-product","3":"status-publish","4":"has-post-thumbnail","6":"product_cat-silk-panties","7":"product_tag-16-momme-silk-panties-silver","8":"product_tag-manufacturer-silk-panties-for-daily-wear","9":"product_tag-stretch-silk-silk-panties-stretch-fit","11":"first","12":"instock","13":"shipping-taxable","14":"purchasable","15":"product-type-simple"},"_links":{"self":[{"href":"https:\/\/silk-pajamas.com\/de\/wp-json\/wp\/v2\/product\/1013","targetHints":{"allow":["GET"]}}],"collection":[{"href":"https:\/\/silk-pajamas.com\/de\/wp-json\/wp\/v2\/product"}],"about":[{"href":"https:\/\/silk-pajamas.com\/de\/wp-json\/wp\/v2\/types\/product"}],"wp:featuredmedia":[{"embeddable":true,"href":"https:\/\/silk-pajamas.com\/de\/wp-json\/wp\/v2\/media\/1040"}],"wp:attachment":[{"href":"https:\/\/silk-pajamas.com\/de\/wp-json\/wp\/v2\/media?parent=1013"}],"wp:term":[{"taxonomy":"product_brand","embeddable":true,"href":"https:\/\/silk-pajamas.com\/de\/wp-json\/wp\/v2\/product_brand?post=1013"},{"taxonomy":"product_cat","embeddable":true,"href":"https:\/\/silk-pajamas.com\/de\/wp-json\/wp\/v2\/product_cat?post=1013"},{"taxonomy":"product_tag","embeddable":true,"href":"https:\/\/silk-pajamas.com\/de\/wp-json\/wp\/v2\/product_tag?post=1013"}],"curies":[{"name":"wp","href":"https:\/\/api.w.org\/{rel}","templated":true}]}}