{"id":532,"date":"2026-04-12T15:43:00","date_gmt":"2026-04-12T15:43:00","guid":{"rendered":"https:\/\/silk-pajamas.com\/19-momme-crepe-silk-camisole-set-french-seam-ivory-wholesale\/"},"modified":"2026-05-09T10:25:39","modified_gmt":"2026-05-09T10:25:39","slug":"19-momme-crepe-silk-camisole-set-french-seam-ivory-wholesale","status":"publish","type":"product","link":"https:\/\/silk-pajamas.com\/de\/19-momme-crepe-silk-camisole-set-french-seam-ivory-wholesale\/","title":{"rendered":"19 Momme Krepp Seide Camisole Set Franz\u00f6sisch Naht Elfenbein Gro\u00dfhandel"},"content":{"rendered":"<p>Dieses zweiteilige Schlafset aus 19 Momme-Cr\u00eape-Seide bietet ein atmungsaktives, sanftes Hautgef\u00fchl und elegante Bewegungen. Die franz\u00f6sische Nahtkonstruktion und die elfenbeinfarbene Farbe sorgen f\u00fcr einen edlen Look in der Brautgarderobe. Erh\u00e4ltlich in Custom. Handw\u00e4sche kalt oder im Schonwaschgang.<\/p>","protected":false},"excerpt":{"rendered":"<p>19 Momme Crepe Seide zweiteilige Schlaf-Set in Elfenbein. Franz\u00f6sische N\u00e4hte, atmungsaktives Gef\u00fchl und Gr\u00f6\u00dfenbereich Custom. Entworfen f\u00fcr Brautkleiderschr\u00e4nke.<\/p>","protected":false},"featured_media":2545,"template":"","meta":{"_gspb_post_css":""},"product_brand":[],"product_cat":[22],"product_tag":[42,43,44],"class_list":{"0":"post-532","1":"product","2":"type-product","3":"status-publish","4":"has-post-thumbnail","6":"product_cat-silk-camisole-sets","7":"product_tag-19-momme-silk-camisole-set-ivory","8":"product_tag-crepe-silk-camisole-set-french-seam","9":"product_tag-factory-silk-camisole-set-for-bridal-wardrobes","11":"first","12":"instock","13":"featured","14":"shipping-taxable","15":"purchasable","16":"product-type-simple"},"_links":{"self":[{"href":"https:\/\/silk-pajamas.com\/de\/wp-json\/wp\/v2\/product\/532","targetHints":{"allow":["GET"]}}],"collection":[{"href":"https:\/\/silk-pajamas.com\/de\/wp-json\/wp\/v2\/product"}],"about":[{"href":"https:\/\/silk-pajamas.com\/de\/wp-json\/wp\/v2\/types\/product"}],"wp:featuredmedia":[{"embeddable":true,"href":"https:\/\/silk-pajamas.com\/de\/wp-json\/wp\/v2\/media\/2545"}],"wp:attachment":[{"href":"https:\/\/silk-pajamas.com\/de\/wp-json\/wp\/v2\/media?parent=532"}],"wp:term":[{"taxonomy":"product_brand","embeddable":true,"href":"https:\/\/silk-pajamas.com\/de\/wp-json\/wp\/v2\/product_brand?post=532"},{"taxonomy":"product_cat","embeddable":true,"href":"https:\/\/silk-pajamas.com\/de\/wp-json\/wp\/v2\/product_cat?post=532"},{"taxonomy":"product_tag","embeddable":true,"href":"https:\/\/silk-pajamas.com\/de\/wp-json\/wp\/v2\/product_tag?post=532"}],"curies":[{"name":"wp","href":"https:\/\/api.w.org\/{rel}","templated":true}]}}