{"id":533,"date":"2026-04-12T15:43:00","date_gmt":"2026-04-12T15:43:00","guid":{"rendered":"https:\/\/silk-pajamas.com\/22-momme-crepe-silk-cami-set-piped-floral-manufacturer\/"},"modified":"2026-05-09T10:28:04","modified_gmt":"2026-05-09T10:28:04","slug":"22-momme-crepe-silk-cami-set-piped-floral-manufacturer","status":"publish","type":"product","link":"https:\/\/silk-pajamas.com\/de\/22-momme-crepe-silk-cami-set-piped-floral-manufacturer\/","title":{"rendered":"22 Momme Cr\u00eape Seiden-Cami-Set Paspeliert Floral Hersteller"},"content":{"rendered":"<p>Dieses zweiteilige Schlafset aus 22-Momme-Cr\u00eape-Seide kombiniert Paspelierung mit weichem Glanz und atmungsaktivem Tragegef\u00fchl. Das florale Finish verleiht ihm einen raffinierten Look, w\u00e4hrend die Gr\u00f6\u00dfen XS, S, M, L, XL den Kernbedarf decken. Geeignet f\u00fcr die Urlaubsgarderobe und die Herbstgarderobe. Kalt von Hand waschen oder im Schonwaschgang.<\/p>","protected":false},"excerpt":{"rendered":"<p>22 Momme Crepe Seide zweiteiliges Schlafset in Floral. Paspelierte Verarbeitung, weicher Fall und Gr\u00f6\u00dfenauswahl XS, S, M, L, XL. Entworfen f\u00fcr den Urlaub.<\/p>","protected":false},"featured_media":2561,"template":"","meta":{"_gspb_post_css":""},"product_brand":[],"product_cat":[22],"product_tag":[45,46,47],"class_list":{"0":"post-533","1":"product","2":"type-product","3":"status-publish","4":"has-post-thumbnail","6":"product_cat-silk-camisole-sets","7":"product_tag-22-momme-silk-camisole-set-floral","8":"product_tag-crepe-silk-camisole-set-piped","9":"product_tag-factory-silk-camisole-set-for-resort-dressing","11":"first","12":"instock","13":"shipping-taxable","14":"purchasable","15":"product-type-simple"},"_links":{"self":[{"href":"https:\/\/silk-pajamas.com\/de\/wp-json\/wp\/v2\/product\/533","targetHints":{"allow":["GET"]}}],"collection":[{"href":"https:\/\/silk-pajamas.com\/de\/wp-json\/wp\/v2\/product"}],"about":[{"href":"https:\/\/silk-pajamas.com\/de\/wp-json\/wp\/v2\/types\/product"}],"wp:featuredmedia":[{"embeddable":true,"href":"https:\/\/silk-pajamas.com\/de\/wp-json\/wp\/v2\/media\/2561"}],"wp:attachment":[{"href":"https:\/\/silk-pajamas.com\/de\/wp-json\/wp\/v2\/media?parent=533"}],"wp:term":[{"taxonomy":"product_brand","embeddable":true,"href":"https:\/\/silk-pajamas.com\/de\/wp-json\/wp\/v2\/product_brand?post=533"},{"taxonomy":"product_cat","embeddable":true,"href":"https:\/\/silk-pajamas.com\/de\/wp-json\/wp\/v2\/product_cat?post=533"},{"taxonomy":"product_tag","embeddable":true,"href":"https:\/\/silk-pajamas.com\/de\/wp-json\/wp\/v2\/product_tag?post=533"}],"curies":[{"name":"wp","href":"https:\/\/api.w.org\/{rel}","templated":true}]}}