{"id":534,"date":"2026-04-12T15:43:00","date_gmt":"2026-04-12T15:43:00","guid":{"rendered":"https:\/\/silk-pajamas.com\/16-momme-charmeuse-silk-camisole-set-french-seam-leopard\/"},"modified":"2026-05-09T10:28:35","modified_gmt":"2026-05-09T10:28:35","slug":"16-momme-charmeuse-silk-camisole-set-french-seam-leopard","status":"publish","type":"product","link":"https:\/\/silk-pajamas.com\/de\/16-momme-charmeuse-silk-camisole-set-french-seam-leopard\/","title":{"rendered":"16 Momme Charmeuse Seiden Camisole Set Franz\u00f6sisch Naht Leopard"},"content":{"rendered":"<p>Dieses zweiteilige Schlafset aus 16 Momme-Charmeuse-Seide kombiniert franz\u00f6sische Nahtdetails mit einem weichen Glanz und einem atmungsaktiven Gef\u00fchl. Das Leoparden-Finish verleiht ihm einen raffinierten Look, w\u00e4hrend die Gr\u00f6\u00dfen XS, S, M, L, XL den Kernbedarf abdecken helfen. Geeignet f\u00fcr die t\u00e4gliche Loungewear und die Herbstgarderobe. Kalt von Hand waschen oder im Schonwaschgang.<\/p>","protected":false},"excerpt":{"rendered":"<p>16 Momme Charmeuse Seide zweiteiliges Schlafset in Leopard. Franz\u00f6sische N\u00e4hte, knitterfrei und in den Gr\u00f6\u00dfen XS, S, M, L, XL erh\u00e4ltlich. Entworfen f\u00fcr die t\u00e4gliche Lounge-Kleidung.<\/p>","protected":false},"featured_media":2420,"template":"","meta":{"_gspb_post_css":""},"product_brand":[],"product_cat":[22],"product_tag":[48,49,50],"class_list":{"0":"post-534","1":"product","2":"type-product","3":"status-publish","4":"has-post-thumbnail","6":"product_cat-silk-camisole-sets","7":"product_tag-16-momme-silk-camisole-set-leopard","8":"product_tag-charmeuse-silk-camisole-set-french-seam","9":"product_tag-factory-silk-camisole-set-for-everyday-lounge-wear","11":"first","12":"instock","13":"shipping-taxable","14":"purchasable","15":"product-type-simple"},"_links":{"self":[{"href":"https:\/\/silk-pajamas.com\/de\/wp-json\/wp\/v2\/product\/534","targetHints":{"allow":["GET"]}}],"collection":[{"href":"https:\/\/silk-pajamas.com\/de\/wp-json\/wp\/v2\/product"}],"about":[{"href":"https:\/\/silk-pajamas.com\/de\/wp-json\/wp\/v2\/types\/product"}],"wp:featuredmedia":[{"embeddable":true,"href":"https:\/\/silk-pajamas.com\/de\/wp-json\/wp\/v2\/media\/2420"}],"wp:attachment":[{"href":"https:\/\/silk-pajamas.com\/de\/wp-json\/wp\/v2\/media?parent=534"}],"wp:term":[{"taxonomy":"product_brand","embeddable":true,"href":"https:\/\/silk-pajamas.com\/de\/wp-json\/wp\/v2\/product_brand?post=534"},{"taxonomy":"product_cat","embeddable":true,"href":"https:\/\/silk-pajamas.com\/de\/wp-json\/wp\/v2\/product_cat?post=534"},{"taxonomy":"product_tag","embeddable":true,"href":"https:\/\/silk-pajamas.com\/de\/wp-json\/wp\/v2\/product_tag?post=534"}],"curies":[{"name":"wp","href":"https:\/\/api.w.org\/{rel}","templated":true}]}}