{"id":536,"date":"2026-04-12T15:43:00","date_gmt":"2026-04-12T15:43:00","guid":{"rendered":"https:\/\/silk-pajamas.com\/22-momme-charmeuse-silk-camisole-set-lace-trim-navy-vendor\/"},"modified":"2026-05-09T10:56:34","modified_gmt":"2026-05-09T10:56:34","slug":"22-momme-charmeuse-silk-camisole-set-lace-trim-navy-vendor","status":"publish","type":"product","link":"https:\/\/silk-pajamas.com\/de\/22-momme-charmeuse-silk-camisole-set-lace-trim-navy-vendor\/","title":{"rendered":"22 Momme Charmeuse Seiden Camisole Set Spitzenbesatz Navy Verk\u00e4ufer"},"content":{"rendered":"<p>Dieses zweiteilige Schlafset ist aus 22er Momme-Charmeuse-Seide in einem navyfarbenen Ton gefertigt. Es zeichnet sich durch Spitzenbesatz, ein weiches Tragegef\u00fchl und einen bequemen Faltenwurf f\u00fcr den Urlaub aus. Das Modell ist f\u00fcr die Gr\u00f6\u00dfe Custom geeignet und eignet sich gut f\u00fcr den Herbst, als Geschenk und f\u00fcr den t\u00e4glichen Komfort. Kalt von Hand waschen oder im Schonwaschgang.<\/p>","protected":false},"excerpt":{"rendered":"<p>22 Momme Charmeuse Seide zwei St\u00fcck Schlaf-Set in Navy. Spitzenbesatz, weicher Faltenwurf und Gr\u00f6\u00dfenauswahl nach Ma\u00df. Entworfen f\u00fcr Resort Dressing.<\/p>","protected":false},"featured_media":2564,"template":"","meta":{"_gspb_post_css":""},"product_brand":[],"product_cat":[22],"product_tag":[54,55,56],"class_list":{"0":"post-536","1":"product","2":"type-product","3":"status-publish","4":"has-post-thumbnail","6":"product_cat-silk-camisole-sets","7":"product_tag-22-momme-silk-camisole-set-navy","8":"product_tag-charmeuse-silk-camisole-set-lace-trim","9":"product_tag-supplier-silk-camisole-set-for-resort-dressing","11":"first","12":"instock","13":"shipping-taxable","14":"purchasable","15":"product-type-simple"},"_links":{"self":[{"href":"https:\/\/silk-pajamas.com\/de\/wp-json\/wp\/v2\/product\/536","targetHints":{"allow":["GET"]}}],"collection":[{"href":"https:\/\/silk-pajamas.com\/de\/wp-json\/wp\/v2\/product"}],"about":[{"href":"https:\/\/silk-pajamas.com\/de\/wp-json\/wp\/v2\/types\/product"}],"wp:featuredmedia":[{"embeddable":true,"href":"https:\/\/silk-pajamas.com\/de\/wp-json\/wp\/v2\/media\/2564"}],"wp:attachment":[{"href":"https:\/\/silk-pajamas.com\/de\/wp-json\/wp\/v2\/media?parent=536"}],"wp:term":[{"taxonomy":"product_brand","embeddable":true,"href":"https:\/\/silk-pajamas.com\/de\/wp-json\/wp\/v2\/product_brand?post=536"},{"taxonomy":"product_cat","embeddable":true,"href":"https:\/\/silk-pajamas.com\/de\/wp-json\/wp\/v2\/product_cat?post=536"},{"taxonomy":"product_tag","embeddable":true,"href":"https:\/\/silk-pajamas.com\/de\/wp-json\/wp\/v2\/product_tag?post=536"}],"curies":[{"name":"wp","href":"https:\/\/api.w.org\/{rel}","templated":true}]}}