{"id":537,"date":"2026-04-12T15:43:00","date_gmt":"2026-04-12T15:43:00","guid":{"rendered":"https:\/\/silk-pajamas.com\/22-momme-silk-cami-shorts-set-french-seam-champagne-reach\/"},"modified":"2026-05-09T10:56:59","modified_gmt":"2026-05-09T10:56:59","slug":"22-momme-silk-cami-shorts-set-french-seam-champagne-reach","status":"publish","type":"product","link":"https:\/\/silk-pajamas.com\/de\/22-momme-silk-cami-shorts-set-french-seam-champagne-reach\/","title":{"rendered":"22 Momme Seide Cami Shorts Set Franz\u00f6sisch Naht Champagner REACH"},"content":{"rendered":"<p>Dieses zweiteilige Schlafset ist aus 22 momme sandgewaschener Seide in einem Champagnerton gefertigt. Es zeichnet sich durch franz\u00f6sische N\u00e4hte, ein glattes Handgef\u00fchl und einen bequemen Faltenwurf f\u00fcr die t\u00e4gliche Lounge-Kleidung aus. Der Stil unterst\u00fctzt die Gr\u00f6\u00dfe Custom und eignet sich f\u00fcr alle Jahreszeiten, zum Verschenken und f\u00fcr den t\u00e4glichen Komfort. Handw\u00e4sche kalt oder im Schonwaschgang.<\/p>","protected":false},"excerpt":{"rendered":"<p>22 Momme Sandwashed Seide zweiteiliges Schlafset in Champagner. French Seam Verarbeitung, thermoregulierendes Gef\u00fchl und Gr\u00f6\u00dfenauswahl Custom. Entworfen f\u00fcr die t\u00e4gliche Lounge-Kleidung.<\/p>","protected":false},"featured_media":2563,"template":"","meta":{"_gspb_post_css":""},"product_brand":[],"product_cat":[22],"product_tag":[57,50,58],"class_list":{"0":"post-537","1":"product","2":"type-product","3":"status-publish","4":"has-post-thumbnail","6":"product_cat-silk-camisole-sets","7":"product_tag-22-momme-silk-camisole-set-champagne","8":"product_tag-factory-silk-camisole-set-for-everyday-lounge-wear","9":"product_tag-sandwashed-silk-camisole-set-french-seam","11":"first","12":"instock","13":"featured","14":"shipping-taxable","15":"purchasable","16":"product-type-simple"},"_links":{"self":[{"href":"https:\/\/silk-pajamas.com\/de\/wp-json\/wp\/v2\/product\/537","targetHints":{"allow":["GET"]}}],"collection":[{"href":"https:\/\/silk-pajamas.com\/de\/wp-json\/wp\/v2\/product"}],"about":[{"href":"https:\/\/silk-pajamas.com\/de\/wp-json\/wp\/v2\/types\/product"}],"wp:featuredmedia":[{"embeddable":true,"href":"https:\/\/silk-pajamas.com\/de\/wp-json\/wp\/v2\/media\/2563"}],"wp:attachment":[{"href":"https:\/\/silk-pajamas.com\/de\/wp-json\/wp\/v2\/media?parent=537"}],"wp:term":[{"taxonomy":"product_brand","embeddable":true,"href":"https:\/\/silk-pajamas.com\/de\/wp-json\/wp\/v2\/product_brand?post=537"},{"taxonomy":"product_cat","embeddable":true,"href":"https:\/\/silk-pajamas.com\/de\/wp-json\/wp\/v2\/product_cat?post=537"},{"taxonomy":"product_tag","embeddable":true,"href":"https:\/\/silk-pajamas.com\/de\/wp-json\/wp\/v2\/product_tag?post=537"}],"curies":[{"name":"wp","href":"https:\/\/api.w.org\/{rel}","templated":true}]}}