{"id":538,"date":"2026-04-12T15:43:01","date_gmt":"2026-04-12T15:43:01","guid":{"rendered":"https:\/\/silk-pajamas.com\/22-momme-sandwashed-silk-camisole-set-bias-cut-rose-supplier\/"},"modified":"2026-05-09T10:03:22","modified_gmt":"2026-05-09T10:03:22","slug":"22-momme-sandwashed-silk-camisole-set-bias-cut-rose-supplier","status":"publish","type":"product","link":"https:\/\/silk-pajamas.com\/de\/22-momme-sandwashed-silk-camisole-set-bias-cut-rose-supplier\/","title":{"rendered":"22 Momme Sandwich Seide Camisole Set Bias Cut Rose Lieferant"},"content":{"rendered":"<p>Dieses zweiteilige Schlafset aus 22 Momme-Sandwich-Seide kombiniert Schr\u00e4gschnitt-Details mit einem weichen Glanz und einem atmungsaktiven Gef\u00fchl. Das ros\u00e9farbene Finish verleiht ihm einen raffinierten Look, w\u00e4hrend die Gr\u00f6\u00dfe Custom den Kernbedarf abdeckt. Geeignet f\u00fcr die Brautgarderobe und die Fr\u00fchlingsgarderobe. Kalt von Hand waschen oder im Schonwaschgang.<\/p>","protected":false},"excerpt":{"rendered":"<p>22 Momme Sandwashed Seide zweiteiliges Schlafset in Rose. Bias Cut Verarbeitung, thermoregulierendes Gef\u00fchl und Gr\u00f6\u00dfenauswahl Custom. Entworfen f\u00fcr Brautkleiderschr\u00e4nke.<\/p>","protected":false},"featured_media":2458,"template":"","meta":{"_gspb_post_css":""},"product_brand":[],"product_cat":[22],"product_tag":[59,60,61],"class_list":{"0":"post-538","1":"product","2":"type-product","3":"status-publish","4":"has-post-thumbnail","6":"product_cat-silk-camisole-sets","7":"product_tag-22-momme-silk-camisole-set-rose","8":"product_tag-sandwashed-silk-camisole-set-bias-cut","9":"product_tag-vendor-silk-camisole-set-for-bridal-wardrobes","11":"first","12":"instock","13":"shipping-taxable","14":"purchasable","15":"product-type-simple"},"_links":{"self":[{"href":"https:\/\/silk-pajamas.com\/de\/wp-json\/wp\/v2\/product\/538","targetHints":{"allow":["GET"]}}],"collection":[{"href":"https:\/\/silk-pajamas.com\/de\/wp-json\/wp\/v2\/product"}],"about":[{"href":"https:\/\/silk-pajamas.com\/de\/wp-json\/wp\/v2\/types\/product"}],"wp:featuredmedia":[{"embeddable":true,"href":"https:\/\/silk-pajamas.com\/de\/wp-json\/wp\/v2\/media\/2458"}],"wp:attachment":[{"href":"https:\/\/silk-pajamas.com\/de\/wp-json\/wp\/v2\/media?parent=538"}],"wp:term":[{"taxonomy":"product_brand","embeddable":true,"href":"https:\/\/silk-pajamas.com\/de\/wp-json\/wp\/v2\/product_brand?post=538"},{"taxonomy":"product_cat","embeddable":true,"href":"https:\/\/silk-pajamas.com\/de\/wp-json\/wp\/v2\/product_cat?post=538"},{"taxonomy":"product_tag","embeddable":true,"href":"https:\/\/silk-pajamas.com\/de\/wp-json\/wp\/v2\/product_tag?post=538"}],"curies":[{"name":"wp","href":"https:\/\/api.w.org\/{rel}","templated":true}]}}