{"id":539,"date":"2026-04-12T15:43:01","date_gmt":"2026-04-12T15:43:01","guid":{"rendered":"https:\/\/silk-pajamas.com\/19-momme-sandwashed-silk-cami-shorts-set-contrast-trim-rose\/"},"modified":"2026-05-09T10:05:05","modified_gmt":"2026-05-09T10:05:05","slug":"19-momme-sandwashed-silk-cami-shorts-set-contrast-trim-rose","status":"publish","type":"product","link":"https:\/\/silk-pajamas.com\/de\/19-momme-sandwashed-silk-cami-shorts-set-contrast-trim-rose\/","title":{"rendered":"19 Momme Sandwich Silk Cami Shorts Set Kontrastbesatz Rose"},"content":{"rendered":"<p>Dieses zweiteilige Schlafset ist aus 19 momme sandgewaschener Seide in einem Rosaton gefertigt. Es zeichnet sich durch kontrastierende Bes\u00e4tze, ein weiches Handgef\u00fchl und einen bequemen Fall f\u00fcr die t\u00e4gliche Lounge aus. Das Set ist in den Gr\u00f6\u00dfen XS, S, M, L und XL erh\u00e4ltlich und eignet sich f\u00fcr den Sommer, zum Verschenken und f\u00fcr den t\u00e4glichen Komfort. Kalt von Hand waschen oder im Schonwaschgang.<\/p>","protected":false},"excerpt":{"rendered":"<p>19 Momme Sandwashed Seide zweiteiliges Schlafset in Rose. Mit Kontrastbesatz, weichem Griff und Gr\u00f6\u00dfen XS, S, M, L, XL. Entworfen f\u00fcr die t\u00e4gliche Lounge-Kleidung.<\/p>","protected":false},"featured_media":2537,"template":"","meta":{"_gspb_post_css":""},"product_brand":[],"product_cat":[22],"product_tag":[62,63,64],"class_list":{"0":"post-539","1":"product","2":"type-product","3":"status-publish","4":"has-post-thumbnail","6":"product_cat-silk-camisole-sets","7":"product_tag-19-momme-silk-camisole-set-rose","8":"product_tag-sandwashed-silk-camisole-set-contrast-trim","9":"product_tag-wholesale-silk-camisole-set-for-everyday-lounge-wear","11":"first","12":"instock","13":"shipping-taxable","14":"purchasable","15":"product-type-simple"},"_links":{"self":[{"href":"https:\/\/silk-pajamas.com\/de\/wp-json\/wp\/v2\/product\/539","targetHints":{"allow":["GET"]}}],"collection":[{"href":"https:\/\/silk-pajamas.com\/de\/wp-json\/wp\/v2\/product"}],"about":[{"href":"https:\/\/silk-pajamas.com\/de\/wp-json\/wp\/v2\/types\/product"}],"wp:featuredmedia":[{"embeddable":true,"href":"https:\/\/silk-pajamas.com\/de\/wp-json\/wp\/v2\/media\/2537"}],"wp:attachment":[{"href":"https:\/\/silk-pajamas.com\/de\/wp-json\/wp\/v2\/media?parent=539"}],"wp:term":[{"taxonomy":"product_brand","embeddable":true,"href":"https:\/\/silk-pajamas.com\/de\/wp-json\/wp\/v2\/product_brand?post=539"},{"taxonomy":"product_cat","embeddable":true,"href":"https:\/\/silk-pajamas.com\/de\/wp-json\/wp\/v2\/product_cat?post=539"},{"taxonomy":"product_tag","embeddable":true,"href":"https:\/\/silk-pajamas.com\/de\/wp-json\/wp\/v2\/product_tag?post=539"}],"curies":[{"name":"wp","href":"https:\/\/api.w.org\/{rel}","templated":true}]}}