{"id":540,"date":"2026-04-12T15:43:01","date_gmt":"2026-04-12T15:43:01","guid":{"rendered":"https:\/\/silk-pajamas.com\/19-momme-crepe-silk-cami-shorts-set-contrast-trim-sky-blue\/"},"modified":"2026-05-09T10:06:36","modified_gmt":"2026-05-09T10:06:36","slug":"19-momme-crepe-silk-cami-shorts-set-contrast-trim-sky-blue","status":"publish","type":"product","link":"https:\/\/silk-pajamas.com\/de\/19-momme-crepe-silk-cami-shorts-set-contrast-trim-sky-blue\/","title":{"rendered":"19 Momme Cr\u00eape Seiden-Cami-Shorts Set Kontrastbesatz Himmelblau"},"content":{"rendered":"<p>Dieses zweiteilige Schlafset aus 19 Momme-Cr\u00eape-Seide bietet ein leichtes, sanftes Hautgef\u00fchl und elegante Bewegungen. Die kontrastierenden Abschl\u00fcsse und die himmelblaue Farbe sorgen f\u00fcr einen eleganten Look am Urlaubsort. Erh\u00e4ltlich in S, M, L, XL. Handw\u00e4sche kalt oder im Schonwaschgang.<\/p>","protected":false},"excerpt":{"rendered":"<p>19 Momme Crepe Seide zweiteilige Schlaf-Set in Sky Blue. Mit Kontrastbesatz, leichtem Tragegef\u00fchl und den Gr\u00f6\u00dfen S, M, L und XL. Entworfen f\u00fcr den Urlaub.<\/p>","protected":false},"featured_media":2539,"template":"","meta":{"_gspb_post_css":""},"product_brand":[],"product_cat":[22],"product_tag":[65,52,66],"class_list":{"0":"post-540","1":"product","2":"type-product","3":"status-publish","4":"has-post-thumbnail","6":"product_cat-silk-camisole-sets","7":"product_tag-19-momme-silk-camisole-set-sky-blue","8":"product_tag-crepe-silk-camisole-set-contrast-trim","9":"product_tag-manufacturer-silk-camisole-set-for-resort-dressing","11":"first","12":"instock","13":"shipping-taxable","14":"purchasable","15":"product-type-simple"},"_links":{"self":[{"href":"https:\/\/silk-pajamas.com\/de\/wp-json\/wp\/v2\/product\/540","targetHints":{"allow":["GET"]}}],"collection":[{"href":"https:\/\/silk-pajamas.com\/de\/wp-json\/wp\/v2\/product"}],"about":[{"href":"https:\/\/silk-pajamas.com\/de\/wp-json\/wp\/v2\/types\/product"}],"wp:featuredmedia":[{"embeddable":true,"href":"https:\/\/silk-pajamas.com\/de\/wp-json\/wp\/v2\/media\/2539"}],"wp:attachment":[{"href":"https:\/\/silk-pajamas.com\/de\/wp-json\/wp\/v2\/media?parent=540"}],"wp:term":[{"taxonomy":"product_brand","embeddable":true,"href":"https:\/\/silk-pajamas.com\/de\/wp-json\/wp\/v2\/product_brand?post=540"},{"taxonomy":"product_cat","embeddable":true,"href":"https:\/\/silk-pajamas.com\/de\/wp-json\/wp\/v2\/product_cat?post=540"},{"taxonomy":"product_tag","embeddable":true,"href":"https:\/\/silk-pajamas.com\/de\/wp-json\/wp\/v2\/product_tag?post=540"}],"curies":[{"name":"wp","href":"https:\/\/api.w.org\/{rel}","templated":true}]}}