{"id":543,"date":"2026-04-12T15:43:01","date_gmt":"2026-04-12T15:43:01","guid":{"rendered":"https:\/\/silk-pajamas.com\/16-momme-mulberry-silk-camisole-set-contrast-trim-pearl\/"},"modified":"2026-05-09T10:09:50","modified_gmt":"2026-05-09T10:09:50","slug":"16-momme-mulberry-silk-camisole-set-contrast-trim-pearl","status":"publish","type":"product","link":"https:\/\/silk-pajamas.com\/de\/16-momme-mulberry-silk-camisole-set-contrast-trim-pearl\/","title":{"rendered":"16 Momme Maulbeerseide Camisole Set Kontrastbesatz Perle"},"content":{"rendered":"<p>Dieses zweiteilige Schlafset aus 16 momme Maulbeerseide bietet einen weichen Griff, ein sanftes Hautgef\u00fchl und elegante Bewegungen. Der kontrastierende Besatz und die Perlenfarbe sorgen f\u00fcr einen eleganten Look am Urlaubsort. Erh\u00e4ltlich in S, M, L, XL. Handw\u00e4sche kalt oder im Schonwaschgang.<\/p>","protected":false},"excerpt":{"rendered":"<p>16 Momme Mulberry Seide zweiteilige Schlafset in Pearl. Mit Kontrastbesatz, weichem Griff und den Gr\u00f6\u00dfen S, M, L und XL. Entworfen f\u00fcr Resort Dressing.<\/p>","protected":false},"featured_media":2542,"template":"","meta":{"_gspb_post_css":""},"product_brand":[],"product_cat":[22],"product_tag":[72,66,73],"class_list":{"0":"post-543","1":"product","2":"type-product","3":"status-publish","4":"has-post-thumbnail","6":"product_cat-silk-camisole-sets","7":"product_tag-16-momme-silk-camisole-set-pearl","8":"product_tag-manufacturer-silk-camisole-set-for-resort-dressing","9":"product_tag-mulberry-silk-camisole-set-contrast-trim","11":"first","12":"instock","13":"shipping-taxable","14":"purchasable","15":"product-type-simple"},"_links":{"self":[{"href":"https:\/\/silk-pajamas.com\/de\/wp-json\/wp\/v2\/product\/543","targetHints":{"allow":["GET"]}}],"collection":[{"href":"https:\/\/silk-pajamas.com\/de\/wp-json\/wp\/v2\/product"}],"about":[{"href":"https:\/\/silk-pajamas.com\/de\/wp-json\/wp\/v2\/types\/product"}],"wp:featuredmedia":[{"embeddable":true,"href":"https:\/\/silk-pajamas.com\/de\/wp-json\/wp\/v2\/media\/2542"}],"wp:attachment":[{"href":"https:\/\/silk-pajamas.com\/de\/wp-json\/wp\/v2\/media?parent=543"}],"wp:term":[{"taxonomy":"product_brand","embeddable":true,"href":"https:\/\/silk-pajamas.com\/de\/wp-json\/wp\/v2\/product_brand?post=543"},{"taxonomy":"product_cat","embeddable":true,"href":"https:\/\/silk-pajamas.com\/de\/wp-json\/wp\/v2\/product_cat?post=543"},{"taxonomy":"product_tag","embeddable":true,"href":"https:\/\/silk-pajamas.com\/de\/wp-json\/wp\/v2\/product_tag?post=543"}],"curies":[{"name":"wp","href":"https:\/\/api.w.org\/{rel}","templated":true}]}}