{"id":544,"date":"2026-04-12T15:43:01","date_gmt":"2026-04-12T15:43:01","guid":{"rendered":"https:\/\/silk-pajamas.com\/25-momme-mulberry-silk-cami-shorts-set-bias-cut-ivory\/"},"modified":"2026-05-09T10:14:24","modified_gmt":"2026-05-09T10:14:24","slug":"25-momme-mulberry-silk-cami-shorts-set-bias-cut-ivory","status":"publish","type":"product","link":"https:\/\/silk-pajamas.com\/de\/25-momme-mulberry-silk-cami-shorts-set-bias-cut-ivory\/","title":{"rendered":"25 Momme Mulberry Silk Cami Shorts Set Bias Cut Elfenbein"},"content":{"rendered":"<p>Dieses zweiteilige Schlafset ist aus 25 momme Maulbeerseide in einem Elfenbeinton gefertigt. Es zeichnet sich durch einen Schr\u00e4gschnitt, ein weiches Handgef\u00fchl und einen bequemen Faltenwurf f\u00fcr den Urlaub aus. Der Stil unterst\u00fctzt die Gr\u00f6\u00dfe Custom und eignet sich f\u00fcr alle Jahreszeiten, zum Verschenken und f\u00fcr den t\u00e4glichen Komfort. Handw\u00e4sche kalt oder im Schonwaschgang.<\/p>","protected":false},"excerpt":{"rendered":"<p>25 Momme Mulberry Seide zweiteiliges Schlafset in Elfenbein. Bias-Cut-Verarbeitung, weicher Griff und Gr\u00f6\u00dfenbereich Custom. Entworfen f\u00fcr Resort Dressing.<\/p>","protected":false},"featured_media":2544,"template":"","meta":{"_gspb_post_css":""},"product_brand":[],"product_cat":[22],"product_tag":[74,75,56],"class_list":{"0":"post-544","1":"product","2":"type-product","3":"status-publish","4":"has-post-thumbnail","6":"product_cat-silk-camisole-sets","7":"product_tag-25-momme-silk-camisole-set-ivory","8":"product_tag-mulberry-silk-camisole-set-bias-cut","9":"product_tag-supplier-silk-camisole-set-for-resort-dressing","11":"first","12":"instock","13":"shipping-taxable","14":"purchasable","15":"product-type-simple"},"_links":{"self":[{"href":"https:\/\/silk-pajamas.com\/de\/wp-json\/wp\/v2\/product\/544","targetHints":{"allow":["GET"]}}],"collection":[{"href":"https:\/\/silk-pajamas.com\/de\/wp-json\/wp\/v2\/product"}],"about":[{"href":"https:\/\/silk-pajamas.com\/de\/wp-json\/wp\/v2\/types\/product"}],"wp:featuredmedia":[{"embeddable":true,"href":"https:\/\/silk-pajamas.com\/de\/wp-json\/wp\/v2\/media\/2544"}],"wp:attachment":[{"href":"https:\/\/silk-pajamas.com\/de\/wp-json\/wp\/v2\/media?parent=544"}],"wp:term":[{"taxonomy":"product_brand","embeddable":true,"href":"https:\/\/silk-pajamas.com\/de\/wp-json\/wp\/v2\/product_brand?post=544"},{"taxonomy":"product_cat","embeddable":true,"href":"https:\/\/silk-pajamas.com\/de\/wp-json\/wp\/v2\/product_cat?post=544"},{"taxonomy":"product_tag","embeddable":true,"href":"https:\/\/silk-pajamas.com\/de\/wp-json\/wp\/v2\/product_tag?post=544"}],"curies":[{"name":"wp","href":"https:\/\/api.w.org\/{rel}","templated":true}]}}