{"id":546,"date":"2026-04-12T15:43:01","date_gmt":"2026-04-12T15:43:01","guid":{"rendered":"https:\/\/silk-pajamas.com\/19-momme-mulberry-silk-camisole-set-adjustable-strap-navy\/"},"modified":"2026-05-09T10:20:04","modified_gmt":"2026-05-09T10:20:04","slug":"19-momme-mulberry-silk-camisole-set-adjustable-strap-navy","status":"publish","type":"product","link":"https:\/\/silk-pajamas.com\/de\/19-momme-mulberry-silk-camisole-set-adjustable-strap-navy\/","title":{"rendered":"19 Momme Mulberry Silk Camisole Set Verstellbarer Tr\u00e4ger Navy"},"content":{"rendered":"<p>Dieses zweiteilige Schlafset ist aus 19 momme Maulbeerseide in einem navyfarbenen Ton gefertigt. Es verf\u00fcgt \u00fcber verstellbare Tr\u00e4ger, ein glattes Handgef\u00fchl und einen bequemen Faltenwurf f\u00fcr die Brautgarderobe. Das Set ist in den Gr\u00f6\u00dfen S, M, L und XL erh\u00e4ltlich und eignet sich f\u00fcr alle Jahreszeiten, zum Verschenken und f\u00fcr den t\u00e4glichen Komfort. Handw\u00e4sche kalt oder im Schonwaschgang.<\/p>","protected":false},"excerpt":{"rendered":"<p>19 Momme Mulberry Seide zweiteiliges Schlafset in Navy. Mit verstellbaren Tr\u00e4gern, knitterfrei und in den Gr\u00f6\u00dfen S, M, L und XL erh\u00e4ltlich. Entworfen f\u00fcr Brautkleiderschr\u00e4nke.<\/p>","protected":false},"featured_media":2552,"template":"","meta":{"_gspb_post_css":""},"product_brand":[],"product_cat":[22],"product_tag":[77,68,61],"class_list":{"0":"post-546","1":"product","2":"type-product","3":"status-publish","4":"has-post-thumbnail","6":"product_cat-silk-camisole-sets","7":"product_tag-19-momme-silk-camisole-set-navy","8":"product_tag-mulberry-silk-camisole-set-adjustable-strap","9":"product_tag-vendor-silk-camisole-set-for-bridal-wardrobes","11":"first","12":"instock","13":"shipping-taxable","14":"purchasable","15":"product-type-simple"},"_links":{"self":[{"href":"https:\/\/silk-pajamas.com\/de\/wp-json\/wp\/v2\/product\/546","targetHints":{"allow":["GET"]}}],"collection":[{"href":"https:\/\/silk-pajamas.com\/de\/wp-json\/wp\/v2\/product"}],"about":[{"href":"https:\/\/silk-pajamas.com\/de\/wp-json\/wp\/v2\/types\/product"}],"wp:featuredmedia":[{"embeddable":true,"href":"https:\/\/silk-pajamas.com\/de\/wp-json\/wp\/v2\/media\/2552"}],"wp:attachment":[{"href":"https:\/\/silk-pajamas.com\/de\/wp-json\/wp\/v2\/media?parent=546"}],"wp:term":[{"taxonomy":"product_brand","embeddable":true,"href":"https:\/\/silk-pajamas.com\/de\/wp-json\/wp\/v2\/product_brand?post=546"},{"taxonomy":"product_cat","embeddable":true,"href":"https:\/\/silk-pajamas.com\/de\/wp-json\/wp\/v2\/product_cat?post=546"},{"taxonomy":"product_tag","embeddable":true,"href":"https:\/\/silk-pajamas.com\/de\/wp-json\/wp\/v2\/product_tag?post=546"}],"curies":[{"name":"wp","href":"https:\/\/api.w.org\/{rel}","templated":true}]}}