{"id":549,"date":"2026-04-12T15:43:01","date_gmt":"2026-04-12T15:43:01","guid":{"rendered":"https:\/\/silk-pajamas.com\/22-momme-charmeuse-silk-cami-set-adjustable-strap-sage\/"},"modified":"2026-05-09T10:25:15","modified_gmt":"2026-05-09T10:25:15","slug":"22-momme-charmeuse-silk-cami-set-adjustable-strap-sage","status":"publish","type":"product","link":"https:\/\/silk-pajamas.com\/de\/22-momme-charmeuse-silk-cami-set-adjustable-strap-sage\/","title":{"rendered":"22 Momme Charmeuse Seide Cami Set Verstellbarer Tr\u00e4ger Salbei"},"content":{"rendered":"<p>Dieses zweiteilige Schlafset aus 22 Momme-Charmeuse-Seide kombiniert verstellbare Tr\u00e4ger mit einem weichen Glanz und einem atmungsaktiven Tragegef\u00fchl. Die salbeifarbene Oberfl\u00e4che verleiht ihm einen raffinierten Look, w\u00e4hrend die Gr\u00f6\u00dfen XL, XXL, 3XL und 4XL helfen, den Kernbedarf zu decken. Geeignet f\u00fcr die Brautgarderobe und die Fr\u00fchlingsgarderobe. Kalt von Hand waschen oder im Schonwaschgang.<\/p>","protected":false},"excerpt":{"rendered":"<p>22 Momme Charmeuse Seide zweiteiliges Schlafset in Salbei. Mit verstellbaren Tr\u00e4gern, weichem Faltenwurf und Gr\u00f6\u00dfen XL, XXL, 3XL, 4XL. Konzipiert f\u00fcr Brautkleiderschr\u00e4nke.<\/p>","protected":false},"featured_media":2559,"template":"","meta":{"_gspb_post_css":""},"product_brand":[],"product_cat":[22],"product_tag":[83,84,85],"class_list":{"0":"post-549","1":"product","2":"type-product","3":"status-publish","4":"has-post-thumbnail","6":"product_cat-silk-camisole-sets","7":"product_tag-22-momme-silk-camisole-set-sage","8":"product_tag-charmeuse-silk-camisole-set-adjustable-strap","9":"product_tag-wholesale-silk-camisole-set-for-bridal-wardrobes","11":"first","12":"instock","13":"shipping-taxable","14":"purchasable","15":"product-type-simple"},"_links":{"self":[{"href":"https:\/\/silk-pajamas.com\/de\/wp-json\/wp\/v2\/product\/549","targetHints":{"allow":["GET"]}}],"collection":[{"href":"https:\/\/silk-pajamas.com\/de\/wp-json\/wp\/v2\/product"}],"about":[{"href":"https:\/\/silk-pajamas.com\/de\/wp-json\/wp\/v2\/types\/product"}],"wp:featuredmedia":[{"embeddable":true,"href":"https:\/\/silk-pajamas.com\/de\/wp-json\/wp\/v2\/media\/2559"}],"wp:attachment":[{"href":"https:\/\/silk-pajamas.com\/de\/wp-json\/wp\/v2\/media?parent=549"}],"wp:term":[{"taxonomy":"product_brand","embeddable":true,"href":"https:\/\/silk-pajamas.com\/de\/wp-json\/wp\/v2\/product_brand?post=549"},{"taxonomy":"product_cat","embeddable":true,"href":"https:\/\/silk-pajamas.com\/de\/wp-json\/wp\/v2\/product_cat?post=549"},{"taxonomy":"product_tag","embeddable":true,"href":"https:\/\/silk-pajamas.com\/de\/wp-json\/wp\/v2\/product_tag?post=549"}],"curies":[{"name":"wp","href":"https:\/\/api.w.org\/{rel}","templated":true}]}}