{"id":550,"date":"2026-04-12T15:43:02","date_gmt":"2026-04-12T15:43:02","guid":{"rendered":"https:\/\/silk-pajamas.com\/25-momme-sandwashed-silk-camisole-set-adjustable-strap-ivory\/"},"modified":"2026-05-09T09:47:29","modified_gmt":"2026-05-09T09:47:29","slug":"25-momme-sandwashed-silk-camisole-set-adjustable-strap-ivory","status":"publish","type":"product","link":"https:\/\/silk-pajamas.com\/de\/25-momme-sandwashed-silk-camisole-set-adjustable-strap-ivory\/","title":{"rendered":"25 Momme Sandwashed Seiden-Camisole Set Verstellbarer Tr\u00e4ger Elfenbein"},"content":{"rendered":"<p>Dieses zweiteilige Schlafset aus 25-Momme-Sandwich-Seide bietet ein thermoregulierendes, sanftes Hautgef\u00fchl und elegante Bewegungsfreiheit. Die verstellbaren Tr\u00e4ger und die elfenbeinfarbene Farbe sorgen f\u00fcr einen eleganten Look am Urlaubsort. Erh\u00e4ltlich in S, M, L, XL. Handw\u00e4sche kalt oder im Schonwaschgang.<\/p>","protected":false},"excerpt":{"rendered":"<p>25 Momme Sandwashed Seide zweiteiliges Schlafset in Elfenbein. Mit verstellbaren Tr\u00e4gern, thermoregulierendem Gef\u00fchl und den Gr\u00f6\u00dfen S, M, L und XL. Entworfen f\u00fcr den Urlaubsort Dressing.<\/p>","protected":false},"featured_media":2523,"template":"","meta":{"_gspb_post_css":""},"product_brand":[],"product_cat":[22],"product_tag":[74,66,86],"class_list":{"0":"post-550","1":"product","2":"type-product","3":"status-publish","4":"has-post-thumbnail","6":"product_cat-silk-camisole-sets","7":"product_tag-25-momme-silk-camisole-set-ivory","8":"product_tag-manufacturer-silk-camisole-set-for-resort-dressing","9":"product_tag-sandwashed-silk-camisole-set-adjustable-strap","11":"first","12":"instock","13":"shipping-taxable","14":"purchasable","15":"product-type-simple"},"_links":{"self":[{"href":"https:\/\/silk-pajamas.com\/de\/wp-json\/wp\/v2\/product\/550","targetHints":{"allow":["GET"]}}],"collection":[{"href":"https:\/\/silk-pajamas.com\/de\/wp-json\/wp\/v2\/product"}],"about":[{"href":"https:\/\/silk-pajamas.com\/de\/wp-json\/wp\/v2\/types\/product"}],"wp:featuredmedia":[{"embeddable":true,"href":"https:\/\/silk-pajamas.com\/de\/wp-json\/wp\/v2\/media\/2523"}],"wp:attachment":[{"href":"https:\/\/silk-pajamas.com\/de\/wp-json\/wp\/v2\/media?parent=550"}],"wp:term":[{"taxonomy":"product_brand","embeddable":true,"href":"https:\/\/silk-pajamas.com\/de\/wp-json\/wp\/v2\/product_brand?post=550"},{"taxonomy":"product_cat","embeddable":true,"href":"https:\/\/silk-pajamas.com\/de\/wp-json\/wp\/v2\/product_cat?post=550"},{"taxonomy":"product_tag","embeddable":true,"href":"https:\/\/silk-pajamas.com\/de\/wp-json\/wp\/v2\/product_tag?post=550"}],"curies":[{"name":"wp","href":"https:\/\/api.w.org\/{rel}","templated":true}]}}