{"id":555,"date":"2026-04-12T15:43:02","date_gmt":"2026-04-12T15:43:02","guid":{"rendered":"https:\/\/silk-pajamas.com\/19-momme-mulberry-silk-robe-nightgown-set-belted-wine-vendor\/"},"modified":"2026-05-09T09:51:44","modified_gmt":"2026-05-09T09:51:44","slug":"19-momme-mulberry-silk-robe-nightgown-set-belted-wine-vendor","status":"publish","type":"product","link":"https:\/\/silk-pajamas.com\/de\/19-momme-mulberry-silk-robe-nightgown-set-belted-wine-vendor\/","title":{"rendered":"19 Momme Mulberry Silk Robe Nachthemd Set Belted Wine Vendor"},"content":{"rendered":"<p>Dieses Set aus Nachthemd und Morgenmantel aus 19 momme Maulbeerseide kombiniert G\u00fcrteldetails mit einem weichen Glanz und einem atmungsaktiven Tragegef\u00fchl. Das weinrote Finish verleiht ihm einen raffinierten Look, w\u00e4hrend die Gr\u00f6\u00dfen S, M, L und XL den Kernbedarf decken. Geeignet f\u00fcr Geschenksortimente und Fr\u00fchlingsgarderobe. Kalt von Hand waschen oder im Schonwaschgang.<\/p>","protected":false},"excerpt":{"rendered":"<p>19 Momme Mulberry Seide Nachthemd und Bademantel Set in Wein. Mit G\u00fcrtel, knitterfrei und in den Gr\u00f6\u00dfen S, M, L und XL erh\u00e4ltlich. Entworfen f\u00fcr Geschenksortimente.<\/p>","protected":false},"featured_media":2532,"template":"","meta":{"_gspb_post_css":""},"product_brand":[],"product_cat":[23],"product_tag":[98,100,99],"class_list":{"0":"post-555","1":"product","2":"type-product","3":"status-publish","4":"has-post-thumbnail","6":"product_cat-silk-nightgown-robe-set","7":"product_tag-19-momme-silk-nightgown-robe-set-wine","8":"product_tag-factory-silk-nightgown-robe-set-for-gift-assortments","9":"product_tag-mulberry-silk-nightgown-robe-set-belted","11":"first","12":"instock","13":"shipping-taxable","14":"purchasable","15":"product-type-simple"},"_links":{"self":[{"href":"https:\/\/silk-pajamas.com\/de\/wp-json\/wp\/v2\/product\/555","targetHints":{"allow":["GET"]}}],"collection":[{"href":"https:\/\/silk-pajamas.com\/de\/wp-json\/wp\/v2\/product"}],"about":[{"href":"https:\/\/silk-pajamas.com\/de\/wp-json\/wp\/v2\/types\/product"}],"wp:featuredmedia":[{"embeddable":true,"href":"https:\/\/silk-pajamas.com\/de\/wp-json\/wp\/v2\/media\/2532"}],"wp:attachment":[{"href":"https:\/\/silk-pajamas.com\/de\/wp-json\/wp\/v2\/media?parent=555"}],"wp:term":[{"taxonomy":"product_brand","embeddable":true,"href":"https:\/\/silk-pajamas.com\/de\/wp-json\/wp\/v2\/product_brand?post=555"},{"taxonomy":"product_cat","embeddable":true,"href":"https:\/\/silk-pajamas.com\/de\/wp-json\/wp\/v2\/product_cat?post=555"},{"taxonomy":"product_tag","embeddable":true,"href":"https:\/\/silk-pajamas.com\/de\/wp-json\/wp\/v2\/product_tag?post=555"}],"curies":[{"name":"wp","href":"https:\/\/api.w.org\/{rel}","templated":true}]}}