{"id":556,"date":"2026-04-12T15:43:02","date_gmt":"2026-04-12T15:43:02","guid":{"rendered":"https:\/\/silk-pajamas.com\/25-momme-mulberry-silk-nightgown-robe-set-belted-wine-vendor\/"},"modified":"2026-05-09T09:52:06","modified_gmt":"2026-05-09T09:52:06","slug":"25-momme-mulberry-silk-nightgown-robe-set-belted-wine-vendor","status":"publish","type":"product","link":"https:\/\/silk-pajamas.com\/de\/25-momme-mulberry-silk-nightgown-robe-set-belted-wine-vendor\/","title":{"rendered":"25 Momme Mulberry Silk Nachthemd Robe Set Belted Wein Verk\u00e4ufer"},"content":{"rendered":"<p>Dieses Set aus 25 momme Maulbeerseide, bestehend aus Nachthemd und Morgenmantel, kombiniert G\u00fcrteldetails mit einem weichen Glanz und einem atmungsaktiven Gef\u00fchl. Das weinrote Finish verleiht ihm einen raffinierten Look, w\u00e4hrend die Gr\u00f6\u00dfen XS, S, M, L, XL und XXL den Kernbedarf decken. Geeignet f\u00fcr Geschenksortimente und Herbstgarderobe. Kalt von Hand waschen oder im Schonwaschgang.<\/p>","protected":false},"excerpt":{"rendered":"<p>25 Momme Mulberry Seide Nachthemd und Bademantel Set in Wein. Mit G\u00fcrtel, weichem Griff und Gr\u00f6\u00dfen XS, S, M, L, XL, XXL. Entworfen f\u00fcr Geschenksortimente.<\/p>","protected":false},"featured_media":2532,"template":"","meta":{"_gspb_post_css":""},"product_brand":[],"product_cat":[23],"product_tag":[101,99,102],"class_list":{"0":"post-556","1":"product","2":"type-product","3":"status-publish","4":"has-post-thumbnail","6":"product_cat-silk-nightgown-robe-set","7":"product_tag-25-momme-silk-nightgown-robe-set-wine","8":"product_tag-mulberry-silk-nightgown-robe-set-belted","9":"product_tag-wholesale-silk-nightgown-robe-set-for-gift-assortments","11":"first","12":"instock","13":"shipping-taxable","14":"purchasable","15":"product-type-simple"},"_links":{"self":[{"href":"https:\/\/silk-pajamas.com\/de\/wp-json\/wp\/v2\/product\/556","targetHints":{"allow":["GET"]}}],"collection":[{"href":"https:\/\/silk-pajamas.com\/de\/wp-json\/wp\/v2\/product"}],"about":[{"href":"https:\/\/silk-pajamas.com\/de\/wp-json\/wp\/v2\/types\/product"}],"wp:featuredmedia":[{"embeddable":true,"href":"https:\/\/silk-pajamas.com\/de\/wp-json\/wp\/v2\/media\/2532"}],"wp:attachment":[{"href":"https:\/\/silk-pajamas.com\/de\/wp-json\/wp\/v2\/media?parent=556"}],"wp:term":[{"taxonomy":"product_brand","embeddable":true,"href":"https:\/\/silk-pajamas.com\/de\/wp-json\/wp\/v2\/product_brand?post=556"},{"taxonomy":"product_cat","embeddable":true,"href":"https:\/\/silk-pajamas.com\/de\/wp-json\/wp\/v2\/product_cat?post=556"},{"taxonomy":"product_tag","embeddable":true,"href":"https:\/\/silk-pajamas.com\/de\/wp-json\/wp\/v2\/product_tag?post=556"}],"curies":[{"name":"wp","href":"https:\/\/api.w.org\/{rel}","templated":true}]}}