{"id":557,"date":"2026-04-12T15:43:02","date_gmt":"2026-04-12T15:43:02","guid":{"rendered":"https:\/\/silk-pajamas.com\/22-momme-charmeuse-silk-nightgown-robe-set-french-seam-rose\/"},"modified":"2026-05-09T09:59:43","modified_gmt":"2026-05-09T09:59:43","slug":"22-momme-charmeuse-silk-nightgown-robe-set-french-seam-rose","status":"publish","type":"product","link":"https:\/\/silk-pajamas.com\/de\/22-momme-charmeuse-silk-nightgown-robe-set-french-seam-rose\/","title":{"rendered":"22 Momme Charmeuse Seide Nachthemd Robe Set Franz\u00f6sisch Naht Rose"},"content":{"rendered":"<p>Dieses Set aus Nachthemd und Morgenmantel aus 22 Momme-Charmeuse-Seide kombiniert franz\u00f6sische N\u00e4hte mit einem weichen Glanz und einem atmungsaktiven Tragegef\u00fchl. Das ros\u00e9farbene Finish verleiht ihm einen raffinierten Look, w\u00e4hrend die Gr\u00f6\u00dfen XS, S, M, L, XL, XXL den Kernbedarf abdecken helfen. Geeignet f\u00fcr Frauen und f\u00fcr die gesamte Saisongarderobe. Handw\u00e4sche kalt oder im Schonwaschgang.<\/p>","protected":false},"excerpt":{"rendered":"<p>22 Momme Charmeuse Seide Nachthemd und Bademantel Set in Rose. Franz\u00f6sische N\u00e4hte, weicher Fall und Gr\u00f6\u00dfenauswahl XS, S, M, L, XL, XXL. Entworfen f\u00fcr Frauen.<\/p>","protected":false},"featured_media":2533,"template":"","meta":{"_gspb_post_css":""},"product_brand":[],"product_cat":[23],"product_tag":[103,90,104],"class_list":{"0":"post-557","1":"product","2":"type-product","3":"status-publish","4":"has-post-thumbnail","6":"product_cat-silk-nightgown-robe-set","7":"product_tag-22-momme-silk-nightgown-robe-set-rose","8":"product_tag-charmeuse-silk-nightgown-robe-set-french-seam","9":"product_tag-supplier-silk-nightgown-robe-set-for-women","11":"first","12":"instock","13":"featured","14":"shipping-taxable","15":"purchasable","16":"product-type-simple"},"_links":{"self":[{"href":"https:\/\/silk-pajamas.com\/de\/wp-json\/wp\/v2\/product\/557","targetHints":{"allow":["GET"]}}],"collection":[{"href":"https:\/\/silk-pajamas.com\/de\/wp-json\/wp\/v2\/product"}],"about":[{"href":"https:\/\/silk-pajamas.com\/de\/wp-json\/wp\/v2\/types\/product"}],"wp:featuredmedia":[{"embeddable":true,"href":"https:\/\/silk-pajamas.com\/de\/wp-json\/wp\/v2\/media\/2533"}],"wp:attachment":[{"href":"https:\/\/silk-pajamas.com\/de\/wp-json\/wp\/v2\/media?parent=557"}],"wp:term":[{"taxonomy":"product_brand","embeddable":true,"href":"https:\/\/silk-pajamas.com\/de\/wp-json\/wp\/v2\/product_brand?post=557"},{"taxonomy":"product_cat","embeddable":true,"href":"https:\/\/silk-pajamas.com\/de\/wp-json\/wp\/v2\/product_cat?post=557"},{"taxonomy":"product_tag","embeddable":true,"href":"https:\/\/silk-pajamas.com\/de\/wp-json\/wp\/v2\/product_tag?post=557"}],"curies":[{"name":"wp","href":"https:\/\/api.w.org\/{rel}","templated":true}]}}