{"id":560,"date":"2026-04-12T15:43:02","date_gmt":"2026-04-12T15:43:02","guid":{"rendered":"https:\/\/silk-pajamas.com\/16-momme-charmeuse-silk-nightgown-robe-set-piped-wholesale\/"},"modified":"2026-05-09T10:02:22","modified_gmt":"2026-05-09T10:02:22","slug":"16-momme-charmeuse-silk-nightgown-robe-set-piped-wholesale","status":"publish","type":"product","link":"https:\/\/silk-pajamas.com\/de\/16-momme-charmeuse-silk-nightgown-robe-set-piped-wholesale\/","title":{"rendered":"16 Momme Charmeuse Seide Nachthemd Robe Set Piped Gro\u00dfhandel"},"content":{"rendered":"<p>Dieses Set aus Nachthemd und Morgenmantel aus 16 Momme-Charmeuse-Seide kombiniert Paspelierung mit weichem Glanz und atmungsaktivem Tragegef\u00fchl. Das silberne Finish verleiht ihm einen raffinierten Look, w\u00e4hrend die Gr\u00f6\u00dfe Custom den Kernbedarf abdeckt. Geeignet f\u00fcr die Brautgarderobe und die Garderobe der ganzen Saison. Kalt von Hand waschen oder im Schonwaschgang.<\/p>","protected":false},"excerpt":{"rendered":"<p>16 Momme Charmeuse Seide Nachthemd und Morgenmantel Set in Silber. Paspelierte Verarbeitung, thermoregulierendes Gef\u00fchl und Gr\u00f6\u00dfenauswahl Custom. Entworfen f\u00fcr Brautkleiderschr\u00e4nke.<\/p>","protected":false},"featured_media":2497,"template":"","meta":{"_gspb_post_css":""},"product_brand":[],"product_cat":[23],"product_tag":[110,93,111],"class_list":{"0":"post-560","1":"product","2":"type-product","3":"status-publish","4":"has-post-thumbnail","6":"product_cat-silk-nightgown-robe-set","7":"product_tag-16-momme-silk-nightgown-robe-set-silver","8":"product_tag-charmeuse-silk-nightgown-robe-set-piped","9":"product_tag-vendor-silk-nightgown-robe-set-for-bridal-wardrobes","11":"first","12":"instock","13":"shipping-taxable","14":"purchasable","15":"product-type-simple"},"_links":{"self":[{"href":"https:\/\/silk-pajamas.com\/de\/wp-json\/wp\/v2\/product\/560","targetHints":{"allow":["GET"]}}],"collection":[{"href":"https:\/\/silk-pajamas.com\/de\/wp-json\/wp\/v2\/product"}],"about":[{"href":"https:\/\/silk-pajamas.com\/de\/wp-json\/wp\/v2\/types\/product"}],"wp:featuredmedia":[{"embeddable":true,"href":"https:\/\/silk-pajamas.com\/de\/wp-json\/wp\/v2\/media\/2497"}],"wp:attachment":[{"href":"https:\/\/silk-pajamas.com\/de\/wp-json\/wp\/v2\/media?parent=560"}],"wp:term":[{"taxonomy":"product_brand","embeddable":true,"href":"https:\/\/silk-pajamas.com\/de\/wp-json\/wp\/v2\/product_brand?post=560"},{"taxonomy":"product_cat","embeddable":true,"href":"https:\/\/silk-pajamas.com\/de\/wp-json\/wp\/v2\/product_cat?post=560"},{"taxonomy":"product_tag","embeddable":true,"href":"https:\/\/silk-pajamas.com\/de\/wp-json\/wp\/v2\/product_tag?post=560"}],"curies":[{"name":"wp","href":"https:\/\/api.w.org\/{rel}","templated":true}]}}