{"id":563,"date":"2026-04-12T15:43:06","date_gmt":"2026-04-12T15:43:06","guid":{"rendered":"https:\/\/silk-pajamas.com\/16-momme-sandwashed-silk-nightgown-robe-set-lace-trim-black\/"},"modified":"2026-05-09T09:35:19","modified_gmt":"2026-05-09T09:35:19","slug":"16-momme-sandwashed-silk-nightgown-robe-set-lace-trim-black","status":"publish","type":"product","link":"https:\/\/silk-pajamas.com\/de\/16-momme-sandwashed-silk-nightgown-robe-set-lace-trim-black\/","title":{"rendered":"16 Momme Sandwashed Seide Nachthemd Robe Set Spitze Trim Schwarz"},"content":{"rendered":"<p>Dieses Set aus Nachthemd und Bademantel aus 16 Momme-Sandwich-Seide ist thermoregulierend, f\u00fchlt sich angenehm auf der Haut an und l\u00e4sst sich elegant bewegen. Der Spitzenbesatz und die schwarze Farbe sorgen f\u00fcr einen edlen Look bei Spa-Programmen. Erh\u00e4ltlich in S, M, L, XL. Handw\u00e4sche kalt oder im Schonwaschgang.<\/p>","protected":false},"excerpt":{"rendered":"<p>16 Momme Sandwashed Seide Nachthemd und Bademantel Set in Schwarz. Mit Spitzenbesatz, thermoregulierend und in den Gr\u00f6\u00dfen S, M, L, XL erh\u00e4ltlich. Entworfen f\u00fcr Spa-Programme.<\/p>","protected":false},"featured_media":2501,"template":"","meta":{"_gspb_post_css":""},"product_brand":[],"product_cat":[23],"product_tag":[116,108,113],"class_list":{"0":"post-563","1":"product","2":"type-product","3":"status-publish","4":"has-post-thumbnail","6":"product_cat-silk-nightgown-robe-set","7":"product_tag-16-momme-silk-nightgown-robe-set-black","8":"product_tag-sandwashed-silk-nightgown-robe-set-lace-trim","9":"product_tag-supplier-silk-nightgown-robe-set-for-spa-programs","11":"first","12":"instock","13":"shipping-taxable","14":"purchasable","15":"product-type-simple"},"_links":{"self":[{"href":"https:\/\/silk-pajamas.com\/de\/wp-json\/wp\/v2\/product\/563","targetHints":{"allow":["GET"]}}],"collection":[{"href":"https:\/\/silk-pajamas.com\/de\/wp-json\/wp\/v2\/product"}],"about":[{"href":"https:\/\/silk-pajamas.com\/de\/wp-json\/wp\/v2\/types\/product"}],"wp:featuredmedia":[{"embeddable":true,"href":"https:\/\/silk-pajamas.com\/de\/wp-json\/wp\/v2\/media\/2501"}],"wp:attachment":[{"href":"https:\/\/silk-pajamas.com\/de\/wp-json\/wp\/v2\/media?parent=563"}],"wp:term":[{"taxonomy":"product_brand","embeddable":true,"href":"https:\/\/silk-pajamas.com\/de\/wp-json\/wp\/v2\/product_brand?post=563"},{"taxonomy":"product_cat","embeddable":true,"href":"https:\/\/silk-pajamas.com\/de\/wp-json\/wp\/v2\/product_cat?post=563"},{"taxonomy":"product_tag","embeddable":true,"href":"https:\/\/silk-pajamas.com\/de\/wp-json\/wp\/v2\/product_tag?post=563"}],"curies":[{"name":"wp","href":"https:\/\/api.w.org\/{rel}","templated":true}]}}