{"id":565,"date":"2026-04-12T15:43:06","date_gmt":"2026-04-12T15:43:06","guid":{"rendered":"https:\/\/silk-pajamas.com\/22-momme-mulberry-silk-nightgown-robe-set-french-seam-black\/"},"modified":"2026-05-09T09:38:50","modified_gmt":"2026-05-09T09:38:50","slug":"22-momme-mulberry-silk-nightgown-robe-set-french-seam-black","status":"publish","type":"product","link":"https:\/\/silk-pajamas.com\/de\/22-momme-mulberry-silk-nightgown-robe-set-french-seam-black\/","title":{"rendered":"22 Momme Maulbeerseide Nachthemd Robe Set Franz\u00f6sisch Naht Schwarz"},"content":{"rendered":"<p>Dieses Set aus Nachthemd und Morgenmantel ist aus 22 momme Maulbeerseide gefertigt und bietet ein atmungsaktives, sanftes Hautgef\u00fchl und elegante Bewegungen. Die franz\u00f6sische Nahtkonstruktion und die schwarze Farbe sorgen f\u00fcr einen edlen Look bei Geschenksortimenten. Erh\u00e4ltlich in XS, S, M, L, XL, XXL. Handw\u00e4sche kalt oder im Schonwaschgang.<\/p>","protected":false},"excerpt":{"rendered":"<p>22 Momme Mulberry Seide Nachthemd und Bademantel Set in Schwarz. Franz\u00f6sische N\u00e4hte, atmungsaktiv und in den Gr\u00f6\u00dfen XS, S, M, L, XL, XXL erh\u00e4ltlich. Entworfen f\u00fcr Geschenksortimente.<\/p>","protected":false},"featured_media":2516,"template":"","meta":{"_gspb_post_css":""},"product_brand":[],"product_cat":[23],"product_tag":[119,100,120],"class_list":{"0":"post-565","1":"product","2":"type-product","3":"status-publish","4":"has-post-thumbnail","6":"product_cat-silk-nightgown-robe-set","7":"product_tag-22-momme-silk-nightgown-robe-set-black","8":"product_tag-factory-silk-nightgown-robe-set-for-gift-assortments","9":"product_tag-mulberry-silk-nightgown-robe-set-french-seam","11":"first","12":"instock","13":"shipping-taxable","14":"purchasable","15":"product-type-simple"},"_links":{"self":[{"href":"https:\/\/silk-pajamas.com\/de\/wp-json\/wp\/v2\/product\/565","targetHints":{"allow":["GET"]}}],"collection":[{"href":"https:\/\/silk-pajamas.com\/de\/wp-json\/wp\/v2\/product"}],"about":[{"href":"https:\/\/silk-pajamas.com\/de\/wp-json\/wp\/v2\/types\/product"}],"wp:featuredmedia":[{"embeddable":true,"href":"https:\/\/silk-pajamas.com\/de\/wp-json\/wp\/v2\/media\/2516"}],"wp:attachment":[{"href":"https:\/\/silk-pajamas.com\/de\/wp-json\/wp\/v2\/media?parent=565"}],"wp:term":[{"taxonomy":"product_brand","embeddable":true,"href":"https:\/\/silk-pajamas.com\/de\/wp-json\/wp\/v2\/product_brand?post=565"},{"taxonomy":"product_cat","embeddable":true,"href":"https:\/\/silk-pajamas.com\/de\/wp-json\/wp\/v2\/product_cat?post=565"},{"taxonomy":"product_tag","embeddable":true,"href":"https:\/\/silk-pajamas.com\/de\/wp-json\/wp\/v2\/product_tag?post=565"}],"curies":[{"name":"wp","href":"https:\/\/api.w.org\/{rel}","templated":true}]}}