{"id":566,"date":"2026-04-12T15:43:06","date_gmt":"2026-04-12T15:43:06","guid":{"rendered":"https:\/\/silk-pajamas.com\/22-momme-crepe-silk-nightgown-robe-set-french-seam-supplier\/"},"modified":"2026-05-09T09:39:19","modified_gmt":"2026-05-09T09:39:19","slug":"22-momme-crepe-silk-nightgown-robe-set-french-seam-supplier","status":"publish","type":"product","link":"https:\/\/silk-pajamas.com\/de\/22-momme-crepe-silk-nightgown-robe-set-french-seam-supplier\/","title":{"rendered":"22 Momme Crepe Seide Nachthemd Robe Set Franz\u00f6sisch Naht Lieferant"},"content":{"rendered":"<p>Dieses Set aus Nachthemd und Morgenmantel ist aus 22 Momme-Cr\u00eape-Seide in einem Weinton gefertigt. Es zeichnet sich durch franz\u00f6sische N\u00e4hte, ein glattes Handgef\u00fchl und einen angenehmen Fall f\u00fcr die Brautgarderobe aus. Der Stil unterst\u00fctzt die Gr\u00f6\u00dfe Custom und eignet sich gut f\u00fcr den Sommer, als Geschenk und f\u00fcr den t\u00e4glichen Komfort. Kalt von Hand waschen oder im Schonwaschgang.<\/p>","protected":false},"excerpt":{"rendered":"<p>22 Momme Crepe Seide Nachthemd und Morgenmantel Set in Wein. Franz\u00f6sische N\u00e4hte, knitterfreie Verarbeitung und Gr\u00f6\u00dfenauswahl nach Ma\u00df. Entworfen f\u00fcr Brautkleiderschr\u00e4nke.<\/p>","protected":false},"featured_media":2478,"template":"","meta":{"_gspb_post_css":""},"product_brand":[],"product_cat":[23],"product_tag":[121,122,123],"class_list":{"0":"post-566","1":"product","2":"type-product","3":"status-publish","4":"has-post-thumbnail","6":"product_cat-silk-nightgown-robe-set","7":"product_tag-22-momme-silk-nightgown-robe-set-wine","8":"product_tag-crepe-silk-nightgown-robe-set-french-seam","9":"product_tag-wholesale-silk-nightgown-robe-set-for-bridal-wardrobes","11":"first","12":"instock","13":"shipping-taxable","14":"purchasable","15":"product-type-simple"},"_links":{"self":[{"href":"https:\/\/silk-pajamas.com\/de\/wp-json\/wp\/v2\/product\/566","targetHints":{"allow":["GET"]}}],"collection":[{"href":"https:\/\/silk-pajamas.com\/de\/wp-json\/wp\/v2\/product"}],"about":[{"href":"https:\/\/silk-pajamas.com\/de\/wp-json\/wp\/v2\/types\/product"}],"wp:featuredmedia":[{"embeddable":true,"href":"https:\/\/silk-pajamas.com\/de\/wp-json\/wp\/v2\/media\/2478"}],"wp:attachment":[{"href":"https:\/\/silk-pajamas.com\/de\/wp-json\/wp\/v2\/media?parent=566"}],"wp:term":[{"taxonomy":"product_brand","embeddable":true,"href":"https:\/\/silk-pajamas.com\/de\/wp-json\/wp\/v2\/product_brand?post=566"},{"taxonomy":"product_cat","embeddable":true,"href":"https:\/\/silk-pajamas.com\/de\/wp-json\/wp\/v2\/product_cat?post=566"},{"taxonomy":"product_tag","embeddable":true,"href":"https:\/\/silk-pajamas.com\/de\/wp-json\/wp\/v2\/product_tag?post=566"}],"curies":[{"name":"wp","href":"https:\/\/api.w.org\/{rel}","templated":true}]}}