{"id":568,"date":"2026-04-12T15:43:06","date_gmt":"2026-04-12T15:43:06","guid":{"rendered":"https:\/\/silk-pajamas.com\/25-momme-mulberry-silk-nightgown-robe-set-lace-trim-blush\/"},"modified":"2026-05-09T09:43:59","modified_gmt":"2026-05-09T09:43:59","slug":"25-momme-mulberry-silk-nightgown-robe-set-lace-trim-blush","status":"publish","type":"product","link":"https:\/\/silk-pajamas.com\/de\/25-momme-mulberry-silk-nightgown-robe-set-lace-trim-blush\/","title":{"rendered":"25 Momme Maulbeer Seide Nachthemd Robe Set Spitze Trim Blush"},"content":{"rendered":"<p>Dieses Set aus Nachthemd und Morgenmantel ist aus 25 momme Maulbeerseide in einem err\u00f6tenden Farbton gefertigt. Es zeichnet sich durch Spitzenbesatz, ein weiches Handgef\u00fchl und einen angenehmen Fall f\u00fcr die Brautgarderobe aus. Das Modell ist in den Gr\u00f6\u00dfen XS, S, M, L, XL und XXL erh\u00e4ltlich und eignet sich f\u00fcr den Herbst, zum Verschenken und f\u00fcr den t\u00e4glichen Komfort. Kalt von Hand waschen oder im Schonwaschgang.<\/p>","protected":false},"excerpt":{"rendered":"<p>25 Momme Mulberry Seide Nachthemd und Bademantel Set in Blush. Spitzenbesatz, leichtes Tragegef\u00fchl und Gr\u00f6\u00dfenauswahl XS, S, M, L, XL, XXL. Entworfen f\u00fcr Brautkleiderschr\u00e4nke.<\/p>","protected":false},"featured_media":2495,"template":"","meta":{"_gspb_post_css":""},"product_brand":[],"product_cat":[23],"product_tag":[125,126,123],"class_list":{"0":"post-568","1":"product","2":"type-product","3":"status-publish","4":"has-post-thumbnail","6":"product_cat-silk-nightgown-robe-set","7":"product_tag-25-momme-silk-nightgown-robe-set-blush","8":"product_tag-mulberry-silk-nightgown-robe-set-lace-trim","9":"product_tag-wholesale-silk-nightgown-robe-set-for-bridal-wardrobes","11":"first","12":"instock","13":"shipping-taxable","14":"purchasable","15":"product-type-simple"},"_links":{"self":[{"href":"https:\/\/silk-pajamas.com\/de\/wp-json\/wp\/v2\/product\/568","targetHints":{"allow":["GET"]}}],"collection":[{"href":"https:\/\/silk-pajamas.com\/de\/wp-json\/wp\/v2\/product"}],"about":[{"href":"https:\/\/silk-pajamas.com\/de\/wp-json\/wp\/v2\/types\/product"}],"wp:featuredmedia":[{"embeddable":true,"href":"https:\/\/silk-pajamas.com\/de\/wp-json\/wp\/v2\/media\/2495"}],"wp:attachment":[{"href":"https:\/\/silk-pajamas.com\/de\/wp-json\/wp\/v2\/media?parent=568"}],"wp:term":[{"taxonomy":"product_brand","embeddable":true,"href":"https:\/\/silk-pajamas.com\/de\/wp-json\/wp\/v2\/product_brand?post=568"},{"taxonomy":"product_cat","embeddable":true,"href":"https:\/\/silk-pajamas.com\/de\/wp-json\/wp\/v2\/product_cat?post=568"},{"taxonomy":"product_tag","embeddable":true,"href":"https:\/\/silk-pajamas.com\/de\/wp-json\/wp\/v2\/product_tag?post=568"}],"curies":[{"name":"wp","href":"https:\/\/api.w.org\/{rel}","templated":true}]}}