{"id":569,"date":"2026-04-12T15:43:06","date_gmt":"2026-04-12T15:43:06","guid":{"rendered":"https:\/\/silk-pajamas.com\/25-momme-mulberry-silk-nightgown-robe-set-french-seam-silver\/"},"modified":"2026-05-09T09:44:36","modified_gmt":"2026-05-09T09:44:36","slug":"25-momme-mulberry-silk-nightgown-robe-set-french-seam-silver","status":"publish","type":"product","link":"https:\/\/silk-pajamas.com\/de\/25-momme-mulberry-silk-nightgown-robe-set-french-seam-silver\/","title":{"rendered":"25 Momme Maulbeerseide Nachthemd Robe Set Franz\u00f6sisch Naht Silber"},"content":{"rendered":"<p>Dieses Set aus 25 momme Maulbeerseide, bestehend aus Nachthemd und Morgenmantel, kombiniert franz\u00f6sische N\u00e4hte mit einem weichen Glanz und einem atmungsaktiven Gef\u00fchl. Das silberne Finish verleiht dem Set einen raffinierten Look, w\u00e4hrend die Gr\u00f6\u00dfe Custom dazu beitr\u00e4gt, den Kernbedarf zu decken. Geeignet f\u00fcr Wellnessprogramme und Fr\u00fchlingsgarderobe. Kalt von Hand waschen oder im Schonwaschgang.<\/p>","protected":false},"excerpt":{"rendered":"<p>25 Momme Mulberry Seide passende Nachthemd und Morgenmantel Set in Silber. Franz\u00f6sische Nahtverarbeitung, knitterfreies Gef\u00fchl und Gr\u00f6\u00dfenauswahl nach Ma\u00df. Entworfen f\u00fcr Spa-Programme.<\/p>","protected":false},"featured_media":2452,"template":"","meta":{"_gspb_post_css":""},"product_brand":[],"product_cat":[23],"product_tag":[127,128,120],"class_list":{"0":"post-569","1":"product","2":"type-product","3":"status-publish","4":"has-post-thumbnail","6":"product_cat-silk-nightgown-robe-set","7":"product_tag-25-momme-silk-nightgown-robe-set-silver","8":"product_tag-manufacturer-silk-nightgown-robe-set-for-spa-programs","9":"product_tag-mulberry-silk-nightgown-robe-set-french-seam","11":"first","12":"instock","13":"shipping-taxable","14":"purchasable","15":"product-type-simple"},"_links":{"self":[{"href":"https:\/\/silk-pajamas.com\/de\/wp-json\/wp\/v2\/product\/569","targetHints":{"allow":["GET"]}}],"collection":[{"href":"https:\/\/silk-pajamas.com\/de\/wp-json\/wp\/v2\/product"}],"about":[{"href":"https:\/\/silk-pajamas.com\/de\/wp-json\/wp\/v2\/types\/product"}],"wp:featuredmedia":[{"embeddable":true,"href":"https:\/\/silk-pajamas.com\/de\/wp-json\/wp\/v2\/media\/2452"}],"wp:attachment":[{"href":"https:\/\/silk-pajamas.com\/de\/wp-json\/wp\/v2\/media?parent=569"}],"wp:term":[{"taxonomy":"product_brand","embeddable":true,"href":"https:\/\/silk-pajamas.com\/de\/wp-json\/wp\/v2\/product_brand?post=569"},{"taxonomy":"product_cat","embeddable":true,"href":"https:\/\/silk-pajamas.com\/de\/wp-json\/wp\/v2\/product_cat?post=569"},{"taxonomy":"product_tag","embeddable":true,"href":"https:\/\/silk-pajamas.com\/de\/wp-json\/wp\/v2\/product_tag?post=569"}],"curies":[{"name":"wp","href":"https:\/\/api.w.org\/{rel}","templated":true}]}}