{"id":571,"date":"2026-04-12T15:43:07","date_gmt":"2026-04-12T15:43:07","guid":{"rendered":"https:\/\/silk-pajamas.com\/25-momme-mulberry-silk-nightgown-adjustable-strap-pearl\/"},"modified":"2026-05-09T09:15:12","modified_gmt":"2026-05-09T09:15:12","slug":"25-momme-mulberry-silk-nightgown-adjustable-strap-pearl","status":"publish","type":"product","link":"https:\/\/silk-pajamas.com\/de\/25-momme-mulberry-silk-nightgown-adjustable-strap-pearl\/","title":{"rendered":"25 Momme Maulbeerseide Nachthemd Verstellbarer Tr\u00e4ger Perle"},"content":{"rendered":"<p>Dieses Nachthemd im Slip-Stil ist aus 25 momme Maulbeerseide in einem Perlton gefertigt. Es verf\u00fcgt \u00fcber verstellbare Tr\u00e4ger, eine glatte Hand f\u00fchlen und bequem drapieren f\u00fcr Geschenk-Sortimente. Das Modell ist in den Gr\u00f6\u00dfen XS, S, M, L und XL erh\u00e4ltlich und eignet sich f\u00fcr die ganze Saison, als Geschenk und f\u00fcr den t\u00e4glichen Komfort. Handw\u00e4sche kalt oder im Schonwaschgang.<\/p>","protected":false},"excerpt":{"rendered":"<p>25 Momme Mulberry Seidenslip Nachthemd in Pearl. Mit verstellbaren Tr\u00e4gern, weichem Griff und Gr\u00f6\u00dfen XS, S, M, L, XL. Entworfen f\u00fcr Geschenksortimente.<\/p>","protected":false},"featured_media":2467,"template":"","meta":{"_gspb_post_css":""},"product_brand":[],"product_cat":[21],"product_tag":[131,133,132],"class_list":{"0":"post-571","1":"product","2":"type-product","3":"status-publish","4":"has-post-thumbnail","6":"product_cat-silk-nightgowns","7":"product_tag-25-momme-silk-nightgown-pearl","8":"product_tag-manufacturer-silk-nightgown-for-gift-assortments","9":"product_tag-mulberry-silk-nightgown-adjustable-strap","11":"first","12":"instock","13":"featured","14":"shipping-taxable","15":"purchasable","16":"product-type-simple"},"_links":{"self":[{"href":"https:\/\/silk-pajamas.com\/de\/wp-json\/wp\/v2\/product\/571","targetHints":{"allow":["GET"]}}],"collection":[{"href":"https:\/\/silk-pajamas.com\/de\/wp-json\/wp\/v2\/product"}],"about":[{"href":"https:\/\/silk-pajamas.com\/de\/wp-json\/wp\/v2\/types\/product"}],"wp:featuredmedia":[{"embeddable":true,"href":"https:\/\/silk-pajamas.com\/de\/wp-json\/wp\/v2\/media\/2467"}],"wp:attachment":[{"href":"https:\/\/silk-pajamas.com\/de\/wp-json\/wp\/v2\/media?parent=571"}],"wp:term":[{"taxonomy":"product_brand","embeddable":true,"href":"https:\/\/silk-pajamas.com\/de\/wp-json\/wp\/v2\/product_brand?post=571"},{"taxonomy":"product_cat","embeddable":true,"href":"https:\/\/silk-pajamas.com\/de\/wp-json\/wp\/v2\/product_cat?post=571"},{"taxonomy":"product_tag","embeddable":true,"href":"https:\/\/silk-pajamas.com\/de\/wp-json\/wp\/v2\/product_tag?post=571"}],"curies":[{"name":"wp","href":"https:\/\/api.w.org\/{rel}","templated":true}]}}