{"id":574,"date":"2026-04-12T15:43:07","date_gmt":"2026-04-12T15:43:07","guid":{"rendered":"https:\/\/silk-pajamas.com\/25-momme-mulberry-silk-nightgown-adjustable-strap-sky-blue\/"},"modified":"2026-05-09T09:23:19","modified_gmt":"2026-05-09T09:23:19","slug":"25-momme-mulberry-silk-nightgown-adjustable-strap-sky-blue","status":"publish","type":"product","link":"https:\/\/silk-pajamas.com\/de\/25-momme-mulberry-silk-nightgown-adjustable-strap-sky-blue\/","title":{"rendered":"25 Momme Maulbeerseide Nachthemd Verstellbarer Tr\u00e4ger Himmelblau"},"content":{"rendered":"<p>Dieses Nachthemd im Schlupf-Stil ist aus 25 momme Maulbeerseide gefertigt und kombiniert verstellbare Tr\u00e4ger mit weichem Glanz und atmungsaktivem Tragegef\u00fchl. Das himmelblaue Finish verleiht ihm einen raffinierten Look, w\u00e4hrend die Gr\u00f6\u00dfen XL, XXL, 3XL, 4XL helfen, den Kernbedarf zu decken. Geeignet f\u00fcr Geschenksortimente und Herbstgarderobe. Kalt von Hand waschen oder im Schonwaschgang.<\/p>","protected":false},"excerpt":{"rendered":"<p>25 Momme Mulberry Seiden-Slip-Nachthemd in Sky Blue. Mit verstellbaren Tr\u00e4gern, thermoregulierendem Griff und Gr\u00f6\u00dfen XL, XXL, 3XL, 4XL. Entworfen f\u00fcr Geschenksortimente.<\/p>","protected":false},"featured_media":2489,"template":"","meta":{"_gspb_post_css":""},"product_brand":[],"product_cat":[21],"product_tag":[140,132,136],"class_list":{"0":"post-574","1":"product","2":"type-product","3":"status-publish","4":"has-post-thumbnail","6":"product_cat-silk-nightgowns","7":"product_tag-25-momme-silk-nightgown-sky-blue","8":"product_tag-mulberry-silk-nightgown-adjustable-strap","9":"product_tag-vendor-silk-nightgown-for-gift-assortments","11":"first","12":"instock","13":"shipping-taxable","14":"purchasable","15":"product-type-simple"},"_links":{"self":[{"href":"https:\/\/silk-pajamas.com\/de\/wp-json\/wp\/v2\/product\/574","targetHints":{"allow":["GET"]}}],"collection":[{"href":"https:\/\/silk-pajamas.com\/de\/wp-json\/wp\/v2\/product"}],"about":[{"href":"https:\/\/silk-pajamas.com\/de\/wp-json\/wp\/v2\/types\/product"}],"wp:featuredmedia":[{"embeddable":true,"href":"https:\/\/silk-pajamas.com\/de\/wp-json\/wp\/v2\/media\/2489"}],"wp:attachment":[{"href":"https:\/\/silk-pajamas.com\/de\/wp-json\/wp\/v2\/media?parent=574"}],"wp:term":[{"taxonomy":"product_brand","embeddable":true,"href":"https:\/\/silk-pajamas.com\/de\/wp-json\/wp\/v2\/product_brand?post=574"},{"taxonomy":"product_cat","embeddable":true,"href":"https:\/\/silk-pajamas.com\/de\/wp-json\/wp\/v2\/product_cat?post=574"},{"taxonomy":"product_tag","embeddable":true,"href":"https:\/\/silk-pajamas.com\/de\/wp-json\/wp\/v2\/product_tag?post=574"}],"curies":[{"name":"wp","href":"https:\/\/api.w.org\/{rel}","templated":true}]}}