{"id":575,"date":"2026-04-12T15:43:07","date_gmt":"2026-04-12T15:43:07","guid":{"rendered":"https:\/\/silk-pajamas.com\/16-momme-crepe-silk-nightgown-adjustable-strap-champagne\/"},"modified":"2026-05-09T09:25:02","modified_gmt":"2026-05-09T09:25:02","slug":"16-momme-crepe-silk-nightgown-adjustable-strap-champagne","status":"publish","type":"product","link":"https:\/\/silk-pajamas.com\/de\/16-momme-crepe-silk-nightgown-adjustable-strap-champagne\/","title":{"rendered":"16 Momme Crepe Seiden Nachthemd Verstellbarer Tr\u00e4ger Champagner"},"content":{"rendered":"<p>Dieses Nachthemd im Slip-Stil aus 16 Momme-Cr\u00eape-Seide kombiniert verstellbare Tr\u00e4ger mit einem weichen Glanz und einem atmungsaktiven Tragegef\u00fchl. Das champagnerfarbene Finish verleiht ihm einen raffinierten Look, w\u00e4hrend die Gr\u00f6\u00dfen XL, XXL, 3XL, 4XL helfen, den Kernbedarf zu decken. Geeignet f\u00fcr Umstandsmode und Herbstgarderobe. Kalt von Hand waschen oder im Schonwaschgang.<\/p>","protected":false},"excerpt":{"rendered":"<p>16 Momme Crepe Seiden-Slip-Stil Nachthemd in Champagner. Mit verstellbaren Tr\u00e4gern, knitterfrei und in den Gr\u00f6\u00dfen XL, XXL, 3XL und 4XL erh\u00e4ltlich. Entworfen f\u00fcr Umstandsmode.<\/p>","protected":false},"featured_media":2492,"template":"","meta":{"_gspb_post_css":""},"product_brand":[],"product_cat":[21],"product_tag":[141,142,143],"class_list":{"0":"post-575","1":"product","2":"type-product","3":"status-publish","4":"has-post-thumbnail","6":"product_cat-silk-nightgowns","7":"product_tag-16-momme-silk-nightgown-champagne","8":"product_tag-crepe-silk-nightgown-adjustable-strap","9":"product_tag-factory-silk-nightgown-for-maternity-friendly-wear","11":"first","12":"instock","13":"shipping-taxable","14":"purchasable","15":"product-type-simple"},"_links":{"self":[{"href":"https:\/\/silk-pajamas.com\/de\/wp-json\/wp\/v2\/product\/575","targetHints":{"allow":["GET"]}}],"collection":[{"href":"https:\/\/silk-pajamas.com\/de\/wp-json\/wp\/v2\/product"}],"about":[{"href":"https:\/\/silk-pajamas.com\/de\/wp-json\/wp\/v2\/types\/product"}],"wp:featuredmedia":[{"embeddable":true,"href":"https:\/\/silk-pajamas.com\/de\/wp-json\/wp\/v2\/media\/2492"}],"wp:attachment":[{"href":"https:\/\/silk-pajamas.com\/de\/wp-json\/wp\/v2\/media?parent=575"}],"wp:term":[{"taxonomy":"product_brand","embeddable":true,"href":"https:\/\/silk-pajamas.com\/de\/wp-json\/wp\/v2\/product_brand?post=575"},{"taxonomy":"product_cat","embeddable":true,"href":"https:\/\/silk-pajamas.com\/de\/wp-json\/wp\/v2\/product_cat?post=575"},{"taxonomy":"product_tag","embeddable":true,"href":"https:\/\/silk-pajamas.com\/de\/wp-json\/wp\/v2\/product_tag?post=575"}],"curies":[{"name":"wp","href":"https:\/\/api.w.org\/{rel}","templated":true}]}}