{"id":581,"date":"2026-04-12T15:43:07","date_gmt":"2026-04-12T15:43:07","guid":{"rendered":"https:\/\/silk-pajamas.com\/25-momme-charmeuse-silk-slip-nightgown-cowl-neck-emerald\/"},"modified":"2026-05-09T09:30:31","modified_gmt":"2026-05-09T09:30:31","slug":"25-momme-charmeuse-silk-slip-nightgown-cowl-neck-emerald","status":"publish","type":"product","link":"https:\/\/silk-pajamas.com\/de\/25-momme-charmeuse-silk-slip-nightgown-cowl-neck-emerald\/","title":{"rendered":"25 Momme Charmeuse Seiden Slip Nachthemd Cowl Neck Emerald"},"content":{"rendered":"<p>Dieses Nachthemd im Slip-Stil ist aus 25 Momme-Charmeuse-Seide in einem Smaragdton gefertigt. Es zeichnet sich durch einen Rundhalsausschnitt, ein weiches Handgef\u00fchl und einen angenehmen Fall f\u00fcr Frauen aus. Der Stil unterst\u00fctzt Gr\u00f6\u00dfen Custom und eignet sich gut f\u00fcr alle Jahreszeiten tragen, Geschenk-und t\u00e4glichen Komfort. Handw\u00e4sche kalt oder im Schonwaschgang.<\/p>","protected":false},"excerpt":{"rendered":"<p>25 Momme Charmeuse Seide Slip Stil Nachthemd in Emerald. Cowl Neck Finish, Soft-Touch-Gef\u00fchl und Gr\u00f6\u00dfe Bereich Custom. Entworfen f\u00fcr Frauen.<\/p>","protected":false},"featured_media":2498,"template":"","meta":{"_gspb_post_css":""},"product_brand":[],"product_cat":[21],"product_tag":[157,145,139],"class_list":{"0":"post-581","1":"product","2":"type-product","3":"status-publish","4":"has-post-thumbnail","6":"product_cat-silk-nightgowns","7":"product_tag-25-momme-silk-nightgown-emerald","8":"product_tag-charmeuse-silk-nightgown-cowl-neck","9":"product_tag-factory-silk-nightgown-for-women","11":"first","12":"instock","13":"featured","14":"shipping-taxable","15":"purchasable","16":"product-type-simple"},"_links":{"self":[{"href":"https:\/\/silk-pajamas.com\/de\/wp-json\/wp\/v2\/product\/581","targetHints":{"allow":["GET"]}}],"collection":[{"href":"https:\/\/silk-pajamas.com\/de\/wp-json\/wp\/v2\/product"}],"about":[{"href":"https:\/\/silk-pajamas.com\/de\/wp-json\/wp\/v2\/types\/product"}],"wp:featuredmedia":[{"embeddable":true,"href":"https:\/\/silk-pajamas.com\/de\/wp-json\/wp\/v2\/media\/2498"}],"wp:attachment":[{"href":"https:\/\/silk-pajamas.com\/de\/wp-json\/wp\/v2\/media?parent=581"}],"wp:term":[{"taxonomy":"product_brand","embeddable":true,"href":"https:\/\/silk-pajamas.com\/de\/wp-json\/wp\/v2\/product_brand?post=581"},{"taxonomy":"product_cat","embeddable":true,"href":"https:\/\/silk-pajamas.com\/de\/wp-json\/wp\/v2\/product_cat?post=581"},{"taxonomy":"product_tag","embeddable":true,"href":"https:\/\/silk-pajamas.com\/de\/wp-json\/wp\/v2\/product_tag?post=581"}],"curies":[{"name":"wp","href":"https:\/\/api.w.org\/{rel}","templated":true}]}}