{"id":583,"date":"2026-04-12T15:43:07","date_gmt":"2026-04-12T15:43:07","guid":{"rendered":"https:\/\/silk-pajamas.com\/19-momme-mulberry-silk-nightgown-bias-cut-lilac-vendor\/"},"modified":"2026-05-09T09:33:12","modified_gmt":"2026-05-09T09:33:12","slug":"19-momme-mulberry-silk-nightgown-bias-cut-lilac-vendor","status":"publish","type":"product","link":"https:\/\/silk-pajamas.com\/de\/19-momme-mulberry-silk-nightgown-bias-cut-lilac-vendor\/","title":{"rendered":"19 Momme Maulbeerseide Nachthemd Bias Cut Flieder Anbieter"},"content":{"rendered":"<p>Dieses Nachthemd aus 19 momme Maulbeerseide im Schlupf-Stil kombiniert schr\u00e4g geschnittene Details mit weichem Glanz und atmungsaktivem Tragegef\u00fchl. Das fliederfarbene Finish verleiht ihm einen raffinierten Look, w\u00e4hrend die Gr\u00f6\u00dfen XS, S, M, L, XL helfen, den Kernbedarf zu decken. Geeignet f\u00fcr die Damen- und Herbstgarderobe. Kalt von Hand waschen oder im Schonwaschgang.<\/p>","protected":false},"excerpt":{"rendered":"<p>19 Momme Mulberry Seidennachthemd im Slip-Stil in Flieder. Bias-Cut-Verarbeitung, weicher Faltenwurf und Gr\u00f6\u00dfenauswahl XS, S, M, L, XL. Entworfen f\u00fcr Frauen.<\/p>","protected":false},"featured_media":2506,"template":"","meta":{"_gspb_post_css":""},"product_brand":[],"product_cat":[21],"product_tag":[161,162,163],"class_list":{"0":"post-583","1":"product","2":"type-product","3":"status-publish","4":"has-post-thumbnail","6":"product_cat-silk-nightgowns","7":"product_tag-19-momme-silk-nightgown-lilac","8":"product_tag-mulberry-silk-nightgown-bias-cut","9":"product_tag-supplier-silk-nightgown-for-women","11":"first","12":"instock","13":"shipping-taxable","14":"purchasable","15":"product-type-simple"},"_links":{"self":[{"href":"https:\/\/silk-pajamas.com\/de\/wp-json\/wp\/v2\/product\/583","targetHints":{"allow":["GET"]}}],"collection":[{"href":"https:\/\/silk-pajamas.com\/de\/wp-json\/wp\/v2\/product"}],"about":[{"href":"https:\/\/silk-pajamas.com\/de\/wp-json\/wp\/v2\/types\/product"}],"wp:featuredmedia":[{"embeddable":true,"href":"https:\/\/silk-pajamas.com\/de\/wp-json\/wp\/v2\/media\/2506"}],"wp:attachment":[{"href":"https:\/\/silk-pajamas.com\/de\/wp-json\/wp\/v2\/media?parent=583"}],"wp:term":[{"taxonomy":"product_brand","embeddable":true,"href":"https:\/\/silk-pajamas.com\/de\/wp-json\/wp\/v2\/product_brand?post=583"},{"taxonomy":"product_cat","embeddable":true,"href":"https:\/\/silk-pajamas.com\/de\/wp-json\/wp\/v2\/product_cat?post=583"},{"taxonomy":"product_tag","embeddable":true,"href":"https:\/\/silk-pajamas.com\/de\/wp-json\/wp\/v2\/product_tag?post=583"}],"curies":[{"name":"wp","href":"https:\/\/api.w.org\/{rel}","templated":true}]}}