{"id":586,"date":"2026-04-12T15:43:08","date_gmt":"2026-04-12T15:43:08","guid":{"rendered":"https:\/\/silk-pajamas.com\/25-momme-mulberry-silk-nightgown-cowl-neck-blush-wholesale\/"},"modified":"2026-05-09T09:02:11","modified_gmt":"2026-05-09T09:02:11","slug":"25-momme-mulberry-silk-nightgown-cowl-neck-blush-wholesale","status":"publish","type":"product","link":"https:\/\/silk-pajamas.com\/de\/25-momme-mulberry-silk-nightgown-cowl-neck-blush-wholesale\/","title":{"rendered":"25 Momme Mulberry Silk Nachthemd Cowl Neck Blush Gro\u00dfhandel"},"content":{"rendered":"<p>Dieses Nachthemd im Slip-Stil ist aus 25 momme Maulbeerseide in einem err\u00f6tenden Ton gefertigt. Es zeichnet sich durch einen Rundhalsausschnitt, ein weiches Tragegef\u00fchl und einen angenehmen Fall f\u00fcr die Brautgarderobe aus. Das Modell ist in den Gr\u00f6\u00dfen XS, S, M, L und XL erh\u00e4ltlich und eignet sich gut f\u00fcr den Fr\u00fchling, zum Verschenken und f\u00fcr den t\u00e4glichen Komfort. Kalt von Hand waschen oder im Schonwaschgang.<\/p>","protected":false},"excerpt":{"rendered":"<p>25 Momme Mulberry Seidenslip Nachthemd in Blush. Cowl Neck Finish, weiches Tragegef\u00fchl und Gr\u00f6\u00dfenauswahl XS, S, M, L, XL. Entworfen f\u00fcr Brautkleiderschr\u00e4nke.<\/p>","protected":false},"featured_media":2458,"template":"","meta":{"_gspb_post_css":""},"product_brand":[],"product_cat":[21],"product_tag":[168,169,170],"class_list":{"0":"post-586","1":"product","2":"type-product","3":"status-publish","4":"has-post-thumbnail","6":"product_cat-silk-nightgowns","7":"product_tag-25-momme-silk-nightgown-blush","8":"product_tag-mulberry-silk-nightgown-cowl-neck","9":"product_tag-wholesale-silk-nightgown-for-bridal-wardrobes","11":"first","12":"instock","13":"featured","14":"shipping-taxable","15":"purchasable","16":"product-type-simple"},"_links":{"self":[{"href":"https:\/\/silk-pajamas.com\/de\/wp-json\/wp\/v2\/product\/586","targetHints":{"allow":["GET"]}}],"collection":[{"href":"https:\/\/silk-pajamas.com\/de\/wp-json\/wp\/v2\/product"}],"about":[{"href":"https:\/\/silk-pajamas.com\/de\/wp-json\/wp\/v2\/types\/product"}],"wp:featuredmedia":[{"embeddable":true,"href":"https:\/\/silk-pajamas.com\/de\/wp-json\/wp\/v2\/media\/2458"}],"wp:attachment":[{"href":"https:\/\/silk-pajamas.com\/de\/wp-json\/wp\/v2\/media?parent=586"}],"wp:term":[{"taxonomy":"product_brand","embeddable":true,"href":"https:\/\/silk-pajamas.com\/de\/wp-json\/wp\/v2\/product_brand?post=586"},{"taxonomy":"product_cat","embeddable":true,"href":"https:\/\/silk-pajamas.com\/de\/wp-json\/wp\/v2\/product_cat?post=586"},{"taxonomy":"product_tag","embeddable":true,"href":"https:\/\/silk-pajamas.com\/de\/wp-json\/wp\/v2\/product_tag?post=586"}],"curies":[{"name":"wp","href":"https:\/\/api.w.org\/{rel}","templated":true}]}}