{"id":595,"date":"2026-04-12T15:43:09","date_gmt":"2026-04-12T15:43:09","guid":{"rendered":"https:\/\/silk-pajamas.com\/22-momme-crepe-silk-pajamas-short-sleeve-navy-wholesale\/"},"modified":"2026-05-09T08:41:37","modified_gmt":"2026-05-09T08:41:37","slug":"22-momme-crepe-silk-pajamas-short-sleeve-navy-wholesale","status":"publish","type":"product","link":"https:\/\/silk-pajamas.com\/de\/22-momme-crepe-silk-pajamas-short-sleeve-navy-wholesale\/","title":{"rendered":"22 Momme Krepp Seide Pyjamas Kurzarm Marine Gro\u00dfhandel"},"content":{"rendered":"<p>Dieses klassische Pyjama-Set ist aus 22 Momme-Cr\u00eape-Seide in einem navyfarbenen Ton gefertigt. Es zeichnet sich durch kurze \u00c4rmel, ein glattes Handgef\u00fchl und einen bequemen Faltenwurf f\u00fcr Geschenksortimente aus. Das Modell ist in den Gr\u00f6\u00dfen XS, S, M, L, XL und XXL erh\u00e4ltlich und eignet sich gut f\u00fcr den Herbst, zum Verschenken und f\u00fcr den t\u00e4glichen Komfort. Handw\u00e4sche kalt oder im Schonwaschgang.<\/p>","protected":false},"excerpt":{"rendered":"<p>22 Momme Crepe Seide klassisches Pyjama-Set in Navy. Mit kurzen \u00c4rmeln, thermoregulierendem Griff und Gr\u00f6\u00dfen XS, S, M, L, XL, XXL. Entworfen f\u00fcr Geschenksortimente.<\/p>","protected":false},"featured_media":2418,"template":"","meta":{"_gspb_post_css":""},"product_brand":[],"product_cat":[20],"product_tag":[185,186,187],"class_list":{"0":"post-595","1":"product","2":"type-product","3":"status-publish","4":"has-post-thumbnail","6":"product_cat-silk-pajamas","7":"product_tag-22-momme-silk-pajamas-navy","8":"product_tag-crepe-silk-pajamas-short-sleeve","9":"product_tag-manufacturer-silk-pajamas-for-gift-assortments","11":"first","12":"instock","13":"shipping-taxable","14":"purchasable","15":"product-type-simple"},"_links":{"self":[{"href":"https:\/\/silk-pajamas.com\/de\/wp-json\/wp\/v2\/product\/595","targetHints":{"allow":["GET"]}}],"collection":[{"href":"https:\/\/silk-pajamas.com\/de\/wp-json\/wp\/v2\/product"}],"about":[{"href":"https:\/\/silk-pajamas.com\/de\/wp-json\/wp\/v2\/types\/product"}],"wp:featuredmedia":[{"embeddable":true,"href":"https:\/\/silk-pajamas.com\/de\/wp-json\/wp\/v2\/media\/2418"}],"wp:attachment":[{"href":"https:\/\/silk-pajamas.com\/de\/wp-json\/wp\/v2\/media?parent=595"}],"wp:term":[{"taxonomy":"product_brand","embeddable":true,"href":"https:\/\/silk-pajamas.com\/de\/wp-json\/wp\/v2\/product_brand?post=595"},{"taxonomy":"product_cat","embeddable":true,"href":"https:\/\/silk-pajamas.com\/de\/wp-json\/wp\/v2\/product_cat?post=595"},{"taxonomy":"product_tag","embeddable":true,"href":"https:\/\/silk-pajamas.com\/de\/wp-json\/wp\/v2\/product_tag?post=595"}],"curies":[{"name":"wp","href":"https:\/\/api.w.org\/{rel}","templated":true}]}}