{"id":601,"date":"2026-04-12T15:43:10","date_gmt":"2026-04-12T15:43:10","guid":{"rendered":"https:\/\/silk-pajamas.com\/19-momme-crepe-silk-pajama-set-piped-champagne\/"},"modified":"2026-05-09T07:50:27","modified_gmt":"2026-05-09T07:50:27","slug":"19-momme-crepe-silk-pajama-set-piped-champagne","status":"publish","type":"product","link":"https:\/\/silk-pajamas.com\/de\/19-momme-crepe-silk-pajama-set-piped-champagne\/","title":{"rendered":"19 Momme Krepp Seide Pyjama Set Paspeliert Champagner"},"content":{"rendered":"<p>Dieses klassische Pyjama-Set ist aus 19 Momme-Cr\u00eape-Seide in einem Champagnerton gefertigt. Es ist mit Paspeln versehen, hat ein weiches Handgef\u00fchl und einen bequemen Fall f\u00fcr Frauen. Das Modell ist in den Gr\u00f6\u00dfen S, M, L und XL erh\u00e4ltlich und eignet sich f\u00fcr alle Jahreszeiten, als Geschenk und f\u00fcr den t\u00e4glichen Komfort. Handw\u00e4sche kalt oder im Schonwaschgang.<\/p>","protected":false},"excerpt":{"rendered":"<p>19 Momme Crepe Seide klassisches Pyjama-Set in Champagner. Paspelierte Verarbeitung, leichtes Tragegef\u00fchl und Gr\u00f6\u00dfen S, M, L, XL. Entworfen f\u00fcr Frauen.<\/p>","protected":false},"featured_media":2406,"template":"","meta":{"_gspb_post_css":""},"product_brand":[],"product_cat":[20],"product_tag":[200,201,184],"class_list":{"0":"post-601","1":"product","2":"type-product","3":"status-publish","4":"has-post-thumbnail","6":"product_cat-silk-pajamas","7":"product_tag-19-momme-silk-pajamas-champagne","8":"product_tag-crepe-silk-pajamas-piped","9":"product_tag-manufacturer-silk-pajamas-for-women","11":"first","12":"instock","13":"shipping-taxable","14":"purchasable","15":"product-type-simple"},"_links":{"self":[{"href":"https:\/\/silk-pajamas.com\/de\/wp-json\/wp\/v2\/product\/601","targetHints":{"allow":["GET"]}}],"collection":[{"href":"https:\/\/silk-pajamas.com\/de\/wp-json\/wp\/v2\/product"}],"about":[{"href":"https:\/\/silk-pajamas.com\/de\/wp-json\/wp\/v2\/types\/product"}],"wp:featuredmedia":[{"embeddable":true,"href":"https:\/\/silk-pajamas.com\/de\/wp-json\/wp\/v2\/media\/2406"}],"wp:attachment":[{"href":"https:\/\/silk-pajamas.com\/de\/wp-json\/wp\/v2\/media?parent=601"}],"wp:term":[{"taxonomy":"product_brand","embeddable":true,"href":"https:\/\/silk-pajamas.com\/de\/wp-json\/wp\/v2\/product_brand?post=601"},{"taxonomy":"product_cat","embeddable":true,"href":"https:\/\/silk-pajamas.com\/de\/wp-json\/wp\/v2\/product_cat?post=601"},{"taxonomy":"product_tag","embeddable":true,"href":"https:\/\/silk-pajamas.com\/de\/wp-json\/wp\/v2\/product_tag?post=601"}],"curies":[{"name":"wp","href":"https:\/\/api.w.org\/{rel}","templated":true}]}}