{"id":602,"date":"2026-04-12T15:43:10","date_gmt":"2026-04-12T15:43:10","guid":{"rendered":"https:\/\/silk-pajamas.com\/16-momme-mulberry-silk-pajama-set-piped-lilac-manufacturer\/"},"modified":"2026-05-09T07:53:03","modified_gmt":"2026-05-09T07:53:03","slug":"16-momme-mulberry-silk-pajama-set-piped-lilac-manufacturer","status":"publish","type":"product","link":"https:\/\/silk-pajamas.com\/de\/16-momme-mulberry-silk-pajama-set-piped-lilac-manufacturer\/","title":{"rendered":"16 Momme Maulbeerseide Pyjama Set Paspeliert Flieder Hersteller"},"content":{"rendered":"<p>Dieses klassische Pyjama-Set ist aus 16 momme Maulbeerseide in einem fliederfarbenen Ton gefertigt. Es verf\u00fcgt \u00fcber Paspeln, ein glattes Handgef\u00fchl und einen bequemen Faltenwurf f\u00fcr die Verwendung auf Reisen. Das Set ist in den Gr\u00f6\u00dfen XL, XXL, 3XL und 4XL erh\u00e4ltlich und eignet sich f\u00fcr alle Jahreszeiten, zum Verschenken und f\u00fcr den t\u00e4glichen Komfort. Handw\u00e4sche kalt oder im Schonwaschgang.<\/p>","protected":false},"excerpt":{"rendered":"<p>16 Momme Mulberry Seide klassische Pyjama-Set in Flieder. Paspeliert, knitterfrei und in den Gr\u00f6\u00dfen XL, XXL, 3XL, 4XL erh\u00e4ltlich. Konzipiert f\u00fcr den Einsatz auf Reisen.<\/p>","protected":false},"featured_media":2407,"template":"","meta":{"_gspb_post_css":""},"product_brand":[],"product_cat":[20],"product_tag":[202,203,204],"class_list":{"0":"post-602","1":"product","2":"type-product","3":"status-publish","4":"has-post-thumbnail","6":"product_cat-silk-pajamas","7":"product_tag-16-momme-silk-pajamas-lilac","8":"product_tag-mulberry-silk-pajamas-piped","9":"product_tag-supplier-silk-pajamas-for-travel-use","11":"first","12":"instock","13":"shipping-taxable","14":"purchasable","15":"product-type-simple"},"_links":{"self":[{"href":"https:\/\/silk-pajamas.com\/de\/wp-json\/wp\/v2\/product\/602","targetHints":{"allow":["GET"]}}],"collection":[{"href":"https:\/\/silk-pajamas.com\/de\/wp-json\/wp\/v2\/product"}],"about":[{"href":"https:\/\/silk-pajamas.com\/de\/wp-json\/wp\/v2\/types\/product"}],"wp:featuredmedia":[{"embeddable":true,"href":"https:\/\/silk-pajamas.com\/de\/wp-json\/wp\/v2\/media\/2407"}],"wp:attachment":[{"href":"https:\/\/silk-pajamas.com\/de\/wp-json\/wp\/v2\/media?parent=602"}],"wp:term":[{"taxonomy":"product_brand","embeddable":true,"href":"https:\/\/silk-pajamas.com\/de\/wp-json\/wp\/v2\/product_brand?post=602"},{"taxonomy":"product_cat","embeddable":true,"href":"https:\/\/silk-pajamas.com\/de\/wp-json\/wp\/v2\/product_cat?post=602"},{"taxonomy":"product_tag","embeddable":true,"href":"https:\/\/silk-pajamas.com\/de\/wp-json\/wp\/v2\/product_tag?post=602"}],"curies":[{"name":"wp","href":"https:\/\/api.w.org\/{rel}","templated":true}]}}