{"id":603,"date":"2026-04-12T15:43:10","date_gmt":"2026-04-12T15:43:10","guid":{"rendered":"https:\/\/silk-pajamas.com\/25-momme-sandwashed-silk-pajama-set-straight-leg-silver\/"},"modified":"2026-05-09T07:55:43","modified_gmt":"2026-05-09T07:55:43","slug":"25-momme-sandwashed-silk-pajama-set-straight-leg-silver","status":"publish","type":"product","link":"https:\/\/silk-pajamas.com\/de\/25-momme-sandwashed-silk-pajama-set-straight-leg-silver\/","title":{"rendered":"25 Momme Sandwashed Seide Pyjama Set Gerades Bein Silber"},"content":{"rendered":"<p>Dieses klassische Pyjama-Set aus 25 momme sandgewaschener Seide bietet einen weichen Griff, ein sanftes Hautgef\u00fchl und elegante Bewegungen. Die gerade Beinkonstruktion und die silberne Farbe sorgen f\u00fcr einen eleganten Look f\u00fcr Frauen. Erh\u00e4ltlich in XS, S, M, L, XL, XXL. Kalt von Hand waschen oder im Schonwaschgang.<\/p>","protected":false},"excerpt":{"rendered":"<p>25 Momme Sandwashed Seide klassisches Pyjama-Set in Silber. Mit geradem Bein, weichem Griff und Gr\u00f6\u00dfen XS, S, M, L, XL, XXL. Entworfen f\u00fcr Frauen.<\/p>","protected":false},"featured_media":2409,"template":"","meta":{"_gspb_post_css":""},"product_brand":[],"product_cat":[20],"product_tag":[205,206,207],"class_list":{"0":"post-603","1":"product","2":"type-product","3":"status-publish","4":"has-post-thumbnail","6":"product_cat-silk-pajamas","7":"product_tag-25-momme-silk-pajamas-silver","8":"product_tag-sandwashed-silk-pajamas-straight-leg","9":"product_tag-supplier-silk-pajamas-for-women","11":"first","12":"instock","13":"featured","14":"shipping-taxable","15":"purchasable","16":"product-type-simple"},"_links":{"self":[{"href":"https:\/\/silk-pajamas.com\/de\/wp-json\/wp\/v2\/product\/603","targetHints":{"allow":["GET"]}}],"collection":[{"href":"https:\/\/silk-pajamas.com\/de\/wp-json\/wp\/v2\/product"}],"about":[{"href":"https:\/\/silk-pajamas.com\/de\/wp-json\/wp\/v2\/types\/product"}],"wp:featuredmedia":[{"embeddable":true,"href":"https:\/\/silk-pajamas.com\/de\/wp-json\/wp\/v2\/media\/2409"}],"wp:attachment":[{"href":"https:\/\/silk-pajamas.com\/de\/wp-json\/wp\/v2\/media?parent=603"}],"wp:term":[{"taxonomy":"product_brand","embeddable":true,"href":"https:\/\/silk-pajamas.com\/de\/wp-json\/wp\/v2\/product_brand?post=603"},{"taxonomy":"product_cat","embeddable":true,"href":"https:\/\/silk-pajamas.com\/de\/wp-json\/wp\/v2\/product_cat?post=603"},{"taxonomy":"product_tag","embeddable":true,"href":"https:\/\/silk-pajamas.com\/de\/wp-json\/wp\/v2\/product_tag?post=603"}],"curies":[{"name":"wp","href":"https:\/\/api.w.org\/{rel}","templated":true}]}}