{"id":611,"date":"2026-04-12T15:43:10","date_gmt":"2026-04-12T15:43:10","guid":{"rendered":"https:\/\/silk-pajamas.com\/19-momme-mulberry-silk-pajama-set-contrast-trim-champagne\/"},"modified":"2026-05-09T08:08:28","modified_gmt":"2026-05-09T08:08:28","slug":"19-momme-mulberry-silk-pajama-set-contrast-trim-champagne","status":"publish","type":"product","link":"https:\/\/silk-pajamas.com\/de\/19-momme-mulberry-silk-pajama-set-contrast-trim-champagne\/","title":{"rendered":"19 Momme Pyjama-Set aus Maulbeerseide mit Kontrastbesatz Champagner"},"content":{"rendered":"<p>Dieses klassische Pyjama-Set aus 19 momme Maulbeerseide kombiniert kontrastierende Details mit einem weichen Glanz und einem atmungsaktiven Gef\u00fchl. Das champagnerfarbene Finish verleiht ihm einen raffinierten Look, w\u00e4hrend die Gr\u00f6\u00dfen XS, S, M, L, XL, XXL den wichtigsten Bedarf decken. Geeignet f\u00fcr Reisen und die Fr\u00fchjahrsgarderobe. Kalt von Hand waschen oder im Schonwaschgang.<\/p>","protected":false},"excerpt":{"rendered":"<p>19 Momme Mulberry Seide klassischen Pyjama-Set in Champagner. Mit Kontrastbesatz, atmungsaktiv und in den Gr\u00f6\u00dfen XS, S, M, L, XL und XXL erh\u00e4ltlich. F\u00fcr die Reise geeignet.<\/p>","protected":false},"featured_media":2406,"template":"","meta":{"_gspb_post_css":""},"product_brand":[],"product_cat":[20],"product_tag":[200,189,204],"class_list":{"0":"post-611","1":"product","2":"type-product","3":"status-publish","4":"has-post-thumbnail","6":"product_cat-silk-pajamas","7":"product_tag-19-momme-silk-pajamas-champagne","8":"product_tag-mulberry-silk-pajamas-contrast-trim","9":"product_tag-supplier-silk-pajamas-for-travel-use","11":"first","12":"instock","13":"shipping-taxable","14":"purchasable","15":"product-type-simple"},"_links":{"self":[{"href":"https:\/\/silk-pajamas.com\/de\/wp-json\/wp\/v2\/product\/611","targetHints":{"allow":["GET"]}}],"collection":[{"href":"https:\/\/silk-pajamas.com\/de\/wp-json\/wp\/v2\/product"}],"about":[{"href":"https:\/\/silk-pajamas.com\/de\/wp-json\/wp\/v2\/types\/product"}],"wp:featuredmedia":[{"embeddable":true,"href":"https:\/\/silk-pajamas.com\/de\/wp-json\/wp\/v2\/media\/2406"}],"wp:attachment":[{"href":"https:\/\/silk-pajamas.com\/de\/wp-json\/wp\/v2\/media?parent=611"}],"wp:term":[{"taxonomy":"product_brand","embeddable":true,"href":"https:\/\/silk-pajamas.com\/de\/wp-json\/wp\/v2\/product_brand?post=611"},{"taxonomy":"product_cat","embeddable":true,"href":"https:\/\/silk-pajamas.com\/de\/wp-json\/wp\/v2\/product_cat?post=611"},{"taxonomy":"product_tag","embeddable":true,"href":"https:\/\/silk-pajamas.com\/de\/wp-json\/wp\/v2\/product_tag?post=611"}],"curies":[{"name":"wp","href":"https:\/\/api.w.org\/{rel}","templated":true}]}}