{"id":612,"date":"2026-04-12T15:43:11","date_gmt":"2026-04-12T15:43:11","guid":{"rendered":"https:\/\/silk-pajamas.com\/16-momme-crepe-silk-pajamas-long-sleeve-wine-vendor\/"},"modified":"2026-05-09T07:24:04","modified_gmt":"2026-05-09T07:24:04","slug":"16-momme-crepe-silk-pajamas-long-sleeve-wine-vendor","status":"publish","type":"product","link":"https:\/\/silk-pajamas.com\/de\/16-momme-crepe-silk-pajamas-long-sleeve-wine-vendor\/","title":{"rendered":"16 Momme Crepe Seidenpyjamas Langarm Wein Verk\u00e4ufer"},"content":{"rendered":"<p>Dieses klassische Pyjama-Set aus 16 Momme-Cr\u00eape-Seide kombiniert lange \u00c4rmel mit einem weichen Glanz und einem atmungsaktiven Gef\u00fchl. Das weinrote Finish verleiht ihm einen raffinierten Look, w\u00e4hrend die Gr\u00f6\u00dfen XS, S, M, L, XL und XXL den Kernbedarf decken. Geeignet f\u00fcr Geschenksortimente und die Garderobe der ganzen Saison. Kalt von Hand waschen oder im Schonwaschgang.<\/p>","protected":false},"excerpt":{"rendered":"<p>16 Momme Crepe Seide klassische Pyjama-Set in Wein. Mit langen \u00c4rmeln, atmungsaktiv und in den Gr\u00f6\u00dfen XS, S, M, L, XL, XXL erh\u00e4ltlich. Konzipiert f\u00fcr Geschenk-Sortimente.<\/p>","protected":false},"featured_media":2385,"template":"","meta":{"_gspb_post_css":""},"product_brand":[],"product_cat":[20],"product_tag":[220,221,215],"class_list":{"0":"post-612","1":"product","2":"type-product","3":"status-publish","4":"has-post-thumbnail","6":"product_cat-silk-pajamas","7":"product_tag-16-momme-silk-pajamas-wine","8":"product_tag-crepe-silk-pajamas-long-sleeve","9":"product_tag-wholesale-silk-pajamas-for-gift-assortments","11":"first","12":"instock","13":"shipping-taxable","14":"purchasable","15":"product-type-simple"},"_links":{"self":[{"href":"https:\/\/silk-pajamas.com\/de\/wp-json\/wp\/v2\/product\/612","targetHints":{"allow":["GET"]}}],"collection":[{"href":"https:\/\/silk-pajamas.com\/de\/wp-json\/wp\/v2\/product"}],"about":[{"href":"https:\/\/silk-pajamas.com\/de\/wp-json\/wp\/v2\/types\/product"}],"wp:featuredmedia":[{"embeddable":true,"href":"https:\/\/silk-pajamas.com\/de\/wp-json\/wp\/v2\/media\/2385"}],"wp:attachment":[{"href":"https:\/\/silk-pajamas.com\/de\/wp-json\/wp\/v2\/media?parent=612"}],"wp:term":[{"taxonomy":"product_brand","embeddable":true,"href":"https:\/\/silk-pajamas.com\/de\/wp-json\/wp\/v2\/product_brand?post=612"},{"taxonomy":"product_cat","embeddable":true,"href":"https:\/\/silk-pajamas.com\/de\/wp-json\/wp\/v2\/product_cat?post=612"},{"taxonomy":"product_tag","embeddable":true,"href":"https:\/\/silk-pajamas.com\/de\/wp-json\/wp\/v2\/product_tag?post=612"}],"curies":[{"name":"wp","href":"https:\/\/api.w.org\/{rel}","templated":true}]}}