{"id":614,"date":"2026-04-12T15:43:11","date_gmt":"2026-04-12T15:43:11","guid":{"rendered":"https:\/\/silk-pajamas.com\/22-momme-crepe-silk-kimono-robe-mid-length-floral\/"},"modified":"2026-05-09T07:33:43","modified_gmt":"2026-05-09T07:33:43","slug":"22-momme-crepe-silk-kimono-robe-mid-length-floral","status":"publish","type":"product","link":"https:\/\/silk-pajamas.com\/de\/22-momme-crepe-silk-kimono-robe-mid-length-floral\/","title":{"rendered":"22 Momme Cr\u00eape Seiden-Kimono-Bademantel Mittellang Floral"},"content":{"rendered":"<p>Dieser Bademantel und Kimono ist aus 22 Momme-Kreppseide in einem floralen Farbton gefertigt. Er hat eine mittlere L\u00e4nge, ein weiches Handgef\u00fchl und einen bequemen Faltenwurf f\u00fcr Spa-Programme. Der Stil unterst\u00fctzt die Gr\u00f6\u00dfe Custom und eignet sich gut f\u00fcr Sommerkleidung, Geschenke und t\u00e4glichen Komfort. Handw\u00e4sche kalt oder im Schonwaschgang.<\/p>","protected":false},"excerpt":{"rendered":"<p>22 Momme Crepe Seide Robe und Kimono Schicht in Floral. Mittellange Ausf\u00fchrung, leichtes Tragegef\u00fchl und Gr\u00f6\u00dfenauswahl nach Ma\u00df. Entworfen f\u00fcr Spa-Programme.<\/p>","protected":false},"featured_media":2371,"template":"","meta":{"_gspb_post_css":""},"product_brand":[],"product_cat":[24],"product_tag":[225,226,227],"class_list":{"0":"post-614","1":"product","2":"type-product","3":"status-publish","4":"has-post-thumbnail","6":"product_cat-silk-robes-and-kimonos","7":"product_tag-22-momme-silk-robe-floral","8":"product_tag-crepe-silk-robe-mid-length","9":"product_tag-manufacturer-silk-robe-for-spa-programs","11":"first","12":"instock","13":"shipping-taxable","14":"purchasable","15":"product-type-simple"},"_links":{"self":[{"href":"https:\/\/silk-pajamas.com\/de\/wp-json\/wp\/v2\/product\/614","targetHints":{"allow":["GET"]}}],"collection":[{"href":"https:\/\/silk-pajamas.com\/de\/wp-json\/wp\/v2\/product"}],"about":[{"href":"https:\/\/silk-pajamas.com\/de\/wp-json\/wp\/v2\/types\/product"}],"wp:featuredmedia":[{"embeddable":true,"href":"https:\/\/silk-pajamas.com\/de\/wp-json\/wp\/v2\/media\/2371"}],"wp:attachment":[{"href":"https:\/\/silk-pajamas.com\/de\/wp-json\/wp\/v2\/media?parent=614"}],"wp:term":[{"taxonomy":"product_brand","embeddable":true,"href":"https:\/\/silk-pajamas.com\/de\/wp-json\/wp\/v2\/product_brand?post=614"},{"taxonomy":"product_cat","embeddable":true,"href":"https:\/\/silk-pajamas.com\/de\/wp-json\/wp\/v2\/product_cat?post=614"},{"taxonomy":"product_tag","embeddable":true,"href":"https:\/\/silk-pajamas.com\/de\/wp-json\/wp\/v2\/product_tag?post=614"}],"curies":[{"name":"wp","href":"https:\/\/api.w.org\/{rel}","templated":true}]}}