{"id":616,"date":"2026-04-12T15:43:11","date_gmt":"2026-04-12T15:43:11","guid":{"rendered":"https:\/\/silk-pajamas.com\/22-momme-mulberry-silk-robe-longline-wine\/"},"modified":"2026-05-09T07:37:44","modified_gmt":"2026-05-09T07:37:44","slug":"22-momme-mulberry-silk-robe-longline-wine","status":"publish","type":"product","link":"https:\/\/silk-pajamas.com\/de\/22-momme-mulberry-silk-robe-longline-wine\/","title":{"rendered":"22 Momme Maulbeerseide Robe Longline Wein"},"content":{"rendered":"<p>Dieser Bademantel und Kimono ist aus 22 momme Maulbeerseide gefertigt und bietet ein leichtes, sanftes Hautgef\u00fchl und elegante Bewegungen. Die Longline-Konstruktion und die weinrote Farbe sorgen f\u00fcr einen eleganten Look bei Spa-Programmen. Erh\u00e4ltlich in Einheitsgr\u00f6\u00dfe. Kalt von Hand waschen oder im Schonwaschgang.<\/p>","protected":false},"excerpt":{"rendered":"<p>22 Momme Mulberry Seide Robe und Kimono Schicht in Wein. Longline-Finish, leichtes Tragegef\u00fchl und Gr\u00f6\u00dfenbereich One Size. Entworfen f\u00fcr Spa-Programme.<\/p>","protected":false},"featured_media":2392,"template":"","meta":{"_gspb_post_css":""},"product_brand":[],"product_cat":[24],"product_tag":[231,232,224],"class_list":{"0":"post-616","1":"product","2":"type-product","3":"status-publish","4":"has-post-thumbnail","6":"product_cat-silk-robes-and-kimonos","7":"product_tag-22-momme-silk-robe-wine","8":"product_tag-mulberry-silk-robe-longline","9":"product_tag-supplier-silk-robe-for-spa-programs","11":"first","12":"instock","13":"shipping-taxable","14":"purchasable","15":"product-type-simple"},"_links":{"self":[{"href":"https:\/\/silk-pajamas.com\/de\/wp-json\/wp\/v2\/product\/616","targetHints":{"allow":["GET"]}}],"collection":[{"href":"https:\/\/silk-pajamas.com\/de\/wp-json\/wp\/v2\/product"}],"about":[{"href":"https:\/\/silk-pajamas.com\/de\/wp-json\/wp\/v2\/types\/product"}],"wp:featuredmedia":[{"embeddable":true,"href":"https:\/\/silk-pajamas.com\/de\/wp-json\/wp\/v2\/media\/2392"}],"wp:attachment":[{"href":"https:\/\/silk-pajamas.com\/de\/wp-json\/wp\/v2\/media?parent=616"}],"wp:term":[{"taxonomy":"product_brand","embeddable":true,"href":"https:\/\/silk-pajamas.com\/de\/wp-json\/wp\/v2\/product_brand?post=616"},{"taxonomy":"product_cat","embeddable":true,"href":"https:\/\/silk-pajamas.com\/de\/wp-json\/wp\/v2\/product_cat?post=616"},{"taxonomy":"product_tag","embeddable":true,"href":"https:\/\/silk-pajamas.com\/de\/wp-json\/wp\/v2\/product_tag?post=616"}],"curies":[{"name":"wp","href":"https:\/\/api.w.org\/{rel}","templated":true}]}}