{"id":617,"date":"2026-04-12T15:43:11","date_gmt":"2026-04-12T15:43:11","guid":{"rendered":"https:\/\/silk-pajamas.com\/25-momme-crepe-silk-robe-belted-black-manufacturer\/"},"modified":"2026-05-09T07:38:58","modified_gmt":"2026-05-09T07:38:58","slug":"25-momme-crepe-silk-robe-belted-black-manufacturer","status":"publish","type":"product","link":"https:\/\/silk-pajamas.com\/de\/25-momme-crepe-silk-robe-belted-black-manufacturer\/","title":{"rendered":"25 Momme Krepp-Seidenmantel mit G\u00fcrtel Schwarz Hersteller"},"content":{"rendered":"<p>Dieser Morgenmantel und Kimono aus 25-Momme-Kreppseide bietet einen weichen Griff, ein sanftes Hautgef\u00fchl und elegante Bewegungen. Die G\u00fcrtelkonstruktion und die schwarze Farbe sorgen f\u00fcr einen eleganten Look am Urlaubsort. Erh\u00e4ltlich in Custom. Kalt von Hand waschen oder im Schonwaschgang.<\/p>","protected":false},"excerpt":{"rendered":"<p>25 Momme Krepp-Seidenmantel und Kimono in Schwarz. Geg\u00fcrtetes Finish, weicher Griff und Gr\u00f6\u00dfenbereich Custom. Entworfen f\u00fcr den Urlaubsort Dressing.<\/p>","protected":false},"featured_media":2395,"template":"","meta":{"_gspb_post_css":""},"product_brand":[],"product_cat":[24],"product_tag":[233,234,235],"class_list":{"0":"post-617","1":"product","2":"type-product","3":"status-publish","4":"has-post-thumbnail","6":"product_cat-silk-robes-and-kimonos","7":"product_tag-25-momme-silk-robe-black","8":"product_tag-crepe-silk-robe-belted","9":"product_tag-factory-silk-robe-for-resort-dressing","11":"first","12":"instock","13":"shipping-taxable","14":"purchasable","15":"product-type-simple"},"_links":{"self":[{"href":"https:\/\/silk-pajamas.com\/de\/wp-json\/wp\/v2\/product\/617","targetHints":{"allow":["GET"]}}],"collection":[{"href":"https:\/\/silk-pajamas.com\/de\/wp-json\/wp\/v2\/product"}],"about":[{"href":"https:\/\/silk-pajamas.com\/de\/wp-json\/wp\/v2\/types\/product"}],"wp:featuredmedia":[{"embeddable":true,"href":"https:\/\/silk-pajamas.com\/de\/wp-json\/wp\/v2\/media\/2395"}],"wp:attachment":[{"href":"https:\/\/silk-pajamas.com\/de\/wp-json\/wp\/v2\/media?parent=617"}],"wp:term":[{"taxonomy":"product_brand","embeddable":true,"href":"https:\/\/silk-pajamas.com\/de\/wp-json\/wp\/v2\/product_brand?post=617"},{"taxonomy":"product_cat","embeddable":true,"href":"https:\/\/silk-pajamas.com\/de\/wp-json\/wp\/v2\/product_cat?post=617"},{"taxonomy":"product_tag","embeddable":true,"href":"https:\/\/silk-pajamas.com\/de\/wp-json\/wp\/v2\/product_tag?post=617"}],"curies":[{"name":"wp","href":"https:\/\/api.w.org\/{rel}","templated":true}]}}