{"id":619,"date":"2026-04-12T15:43:11","date_gmt":"2026-04-12T15:43:11","guid":{"rendered":"https:\/\/silk-pajamas.com\/22-momme-charmeuse-silk-kimono-robe-jacquard-sky-blue\/"},"modified":"2026-05-09T07:43:22","modified_gmt":"2026-05-09T07:43:22","slug":"22-momme-charmeuse-silk-kimono-robe-jacquard-sky-blue","status":"publish","type":"product","link":"https:\/\/silk-pajamas.com\/de\/22-momme-charmeuse-silk-kimono-robe-jacquard-sky-blue\/","title":{"rendered":"22 Momme Charmeuse Seiden-Kimono-Bademantel Jacquard Himmelblau"},"content":{"rendered":"<p>Dieser Bademantel und Kimono aus 22 Momme-Charmeuse-Seide bietet ein atmungsaktives, sanftes Hautgef\u00fchl und elegante Bewegungsfreiheit. Die Jacquard-Konstruktion und die himmelblaue Farbe sorgen f\u00fcr einen eleganten Look bei Wellness-Programmen. Erh\u00e4ltlich in XL, XXL, 3XL, 4XL. Handw\u00e4sche kalt oder im Schonwaschgang.<\/p>","protected":false},"excerpt":{"rendered":"<p>22 Momme Charmeuse Seidenmantel und Kimonoschicht in Himmelblau. Jacquard-Verarbeitung, atmungsaktiv und in den Gr\u00f6\u00dfen XL, XXL, 3XL, 4XL erh\u00e4ltlich. Entworfen f\u00fcr Spa-Programme.<\/p>","protected":false},"featured_media":2286,"template":"","meta":{"_gspb_post_css":""},"product_brand":[],"product_cat":[24],"product_tag":[238,239,224],"class_list":{"0":"post-619","1":"product","2":"type-product","3":"status-publish","4":"has-post-thumbnail","6":"product_cat-silk-robes-and-kimonos","7":"product_tag-22-momme-silk-robe-sky-blue","8":"product_tag-charmeuse-silk-robe-jacquard","9":"product_tag-supplier-silk-robe-for-spa-programs","11":"first","12":"instock","13":"shipping-taxable","14":"purchasable","15":"product-type-simple"},"_links":{"self":[{"href":"https:\/\/silk-pajamas.com\/de\/wp-json\/wp\/v2\/product\/619","targetHints":{"allow":["GET"]}}],"collection":[{"href":"https:\/\/silk-pajamas.com\/de\/wp-json\/wp\/v2\/product"}],"about":[{"href":"https:\/\/silk-pajamas.com\/de\/wp-json\/wp\/v2\/types\/product"}],"wp:featuredmedia":[{"embeddable":true,"href":"https:\/\/silk-pajamas.com\/de\/wp-json\/wp\/v2\/media\/2286"}],"wp:attachment":[{"href":"https:\/\/silk-pajamas.com\/de\/wp-json\/wp\/v2\/media?parent=619"}],"wp:term":[{"taxonomy":"product_brand","embeddable":true,"href":"https:\/\/silk-pajamas.com\/de\/wp-json\/wp\/v2\/product_brand?post=619"},{"taxonomy":"product_cat","embeddable":true,"href":"https:\/\/silk-pajamas.com\/de\/wp-json\/wp\/v2\/product_cat?post=619"},{"taxonomy":"product_tag","embeddable":true,"href":"https:\/\/silk-pajamas.com\/de\/wp-json\/wp\/v2\/product_tag?post=619"}],"curies":[{"name":"wp","href":"https:\/\/api.w.org\/{rel}","templated":true}]}}