{"id":620,"date":"2026-04-12T15:43:11","date_gmt":"2026-04-12T15:43:11","guid":{"rendered":"https:\/\/silk-pajamas.com\/25-momme-crepe-silk-kimono-robe-belted-emerald\/"},"modified":"2026-05-09T07:43:46","modified_gmt":"2026-05-09T07:43:46","slug":"25-momme-crepe-silk-kimono-robe-belted-emerald","status":"publish","type":"product","link":"https:\/\/silk-pajamas.com\/de\/25-momme-crepe-silk-kimono-robe-belted-emerald\/","title":{"rendered":"25 Momme Cr\u00eape Seiden-Kimono-Robe mit G\u00fcrtel Smaragd"},"content":{"rendered":"<p>Dieser Bademantel und Kimono aus 25-Momme-Kreppseide bietet einen weichen Griff, ein sanftes Hautgef\u00fchl und elegante Bewegung. Die G\u00fcrtelkonstruktion und die smaragdgr\u00fcne Farbe sorgen f\u00fcr einen eleganten Look bei Spa-Programmen. Erh\u00e4ltlich in S, M, L, XL. Handw\u00e4sche kalt oder im Schonwaschgang.<\/p>","protected":false},"excerpt":{"rendered":"<p>25 Momme Crepe Seidenmantel und Kimono in Emerald. Mit G\u00fcrtel, weichem Griff und in den Gr\u00f6\u00dfen S, M, L und XL erh\u00e4ltlich. Entworfen f\u00fcr Spa-Programme.<\/p>","protected":false},"featured_media":2376,"template":"","meta":{"_gspb_post_css":""},"product_brand":[],"product_cat":[24],"product_tag":[240,234,241],"class_list":{"0":"post-620","1":"product","2":"type-product","3":"status-publish","4":"has-post-thumbnail","6":"product_cat-silk-robes-and-kimonos","7":"product_tag-25-momme-silk-robe-emerald","8":"product_tag-crepe-silk-robe-belted","9":"product_tag-vendor-silk-robe-for-spa-programs","11":"first","12":"instock","13":"shipping-taxable","14":"purchasable","15":"product-type-simple"},"_links":{"self":[{"href":"https:\/\/silk-pajamas.com\/de\/wp-json\/wp\/v2\/product\/620","targetHints":{"allow":["GET"]}}],"collection":[{"href":"https:\/\/silk-pajamas.com\/de\/wp-json\/wp\/v2\/product"}],"about":[{"href":"https:\/\/silk-pajamas.com\/de\/wp-json\/wp\/v2\/types\/product"}],"wp:featuredmedia":[{"embeddable":true,"href":"https:\/\/silk-pajamas.com\/de\/wp-json\/wp\/v2\/media\/2376"}],"wp:attachment":[{"href":"https:\/\/silk-pajamas.com\/de\/wp-json\/wp\/v2\/media?parent=620"}],"wp:term":[{"taxonomy":"product_brand","embeddable":true,"href":"https:\/\/silk-pajamas.com\/de\/wp-json\/wp\/v2\/product_brand?post=620"},{"taxonomy":"product_cat","embeddable":true,"href":"https:\/\/silk-pajamas.com\/de\/wp-json\/wp\/v2\/product_cat?post=620"},{"taxonomy":"product_tag","embeddable":true,"href":"https:\/\/silk-pajamas.com\/de\/wp-json\/wp\/v2\/product_tag?post=620"}],"curies":[{"name":"wp","href":"https:\/\/api.w.org\/{rel}","templated":true}]}}