{"id":622,"date":"2026-04-12T15:43:12","date_gmt":"2026-04-12T15:43:12","guid":{"rendered":"https:\/\/silk-pajamas.com\/19-momme-sandwashed-silk-kimono-robe-printed-blush\/"},"modified":"2026-05-09T07:17:17","modified_gmt":"2026-05-09T07:17:17","slug":"19-momme-sandwashed-silk-kimono-robe-printed-blush","status":"publish","type":"product","link":"https:\/\/silk-pajamas.com\/de\/19-momme-sandwashed-silk-kimono-robe-printed-blush\/","title":{"rendered":"19 Momme Sandwich Seide Kimono Robe gedruckt Blush"},"content":{"rendered":"<p>Dieser Morgenmantel und Kimono aus 19 Momme-Sandwich-Seide kombiniert bedruckte Details mit einem weichen Glanz und einem atmungsaktiven Gef\u00fchl. Das err\u00f6tende Finish verleiht ihm einen raffinierten Look, w\u00e4hrend die Gr\u00f6\u00dfen XL, XXL, 3XL, 4XL den Kernbedarf decken. Geeignet f\u00fcr die Damen- und Fr\u00fchlingsgarderobe. Kalt von Hand waschen oder im Schonwaschgang.<\/p>","protected":false},"excerpt":{"rendered":"<p>19 Momme Sandwashed Seidenmantel und Kimono-Layer in Blush. Bedruckte Oberfl\u00e4che, knitterfreie Haptik und Gr\u00f6\u00dfen XL, XXL, 3XL, 4XL. Entworfen f\u00fcr Frauen.<\/p>","protected":false},"featured_media":2362,"template":"","meta":{"_gspb_post_css":""},"product_brand":[],"product_cat":[24],"product_tag":[245,246,247],"class_list":{"0":"post-622","1":"product","2":"type-product","3":"status-publish","4":"has-post-thumbnail","6":"product_cat-silk-robes-and-kimonos","7":"product_tag-19-momme-silk-robe-blush","8":"product_tag-sandwashed-silk-robe-printed","9":"product_tag-supplier-silk-robe-for-women","11":"first","12":"instock","13":"shipping-taxable","14":"purchasable","15":"product-type-simple"},"_links":{"self":[{"href":"https:\/\/silk-pajamas.com\/de\/wp-json\/wp\/v2\/product\/622","targetHints":{"allow":["GET"]}}],"collection":[{"href":"https:\/\/silk-pajamas.com\/de\/wp-json\/wp\/v2\/product"}],"about":[{"href":"https:\/\/silk-pajamas.com\/de\/wp-json\/wp\/v2\/types\/product"}],"wp:featuredmedia":[{"embeddable":true,"href":"https:\/\/silk-pajamas.com\/de\/wp-json\/wp\/v2\/media\/2362"}],"wp:attachment":[{"href":"https:\/\/silk-pajamas.com\/de\/wp-json\/wp\/v2\/media?parent=622"}],"wp:term":[{"taxonomy":"product_brand","embeddable":true,"href":"https:\/\/silk-pajamas.com\/de\/wp-json\/wp\/v2\/product_brand?post=622"},{"taxonomy":"product_cat","embeddable":true,"href":"https:\/\/silk-pajamas.com\/de\/wp-json\/wp\/v2\/product_cat?post=622"},{"taxonomy":"product_tag","embeddable":true,"href":"https:\/\/silk-pajamas.com\/de\/wp-json\/wp\/v2\/product_tag?post=622"}],"curies":[{"name":"wp","href":"https:\/\/api.w.org\/{rel}","templated":true}]}}