{"id":623,"date":"2026-04-12T15:43:12","date_gmt":"2026-04-12T15:43:12","guid":{"rendered":"https:\/\/silk-pajamas.com\/25-momme-mulberry-silk-kimono-robe-longline-sage\/"},"modified":"2026-05-09T09:43:16","modified_gmt":"2026-05-09T09:43:16","slug":"25-momme-mulberry-silk-kimono-robe-longline-sage","status":"publish","type":"product","link":"https:\/\/silk-pajamas.com\/de\/25-momme-mulberry-silk-kimono-robe-longline-sage\/","title":{"rendered":"25 Momme Maulbeerseide Kimono-Bademantel Langer Schnitt Salbei"},"content":{"rendered":"<p>Dieser Morgenmantel und Kimono aus 25 momme Maulbeerseide bietet einen weichen Faltenwurf, ein sanftes Hautgef\u00fchl und elegante Bewegungen. Die Longline-Konstruktion und die Farbe Salbei sorgen f\u00fcr einen eleganten Look in der Brautgarderobe. Erh\u00e4ltlich in Einheitsgr\u00f6\u00dfe. Kalt von Hand waschen oder im Schonwaschgang.<\/p>","protected":false},"excerpt":{"rendered":"<p>25 Momme Mulberry Seidenmantel und Kimono-Layer in Salbei. Longline-Finish, weicher Faltenwurf und Gr\u00f6\u00dfenbereich One Size. Entworfen f\u00fcr die Brautgarderobe.<\/p>","protected":false},"featured_media":2521,"template":"","meta":{"_gspb_post_css":""},"product_brand":[],"product_cat":[24],"product_tag":[248,232,249],"class_list":{"0":"post-623","1":"product","2":"type-product","3":"status-publish","4":"has-post-thumbnail","6":"product_cat-silk-robes-and-kimonos","7":"product_tag-25-momme-silk-robe-sage","8":"product_tag-mulberry-silk-robe-longline","9":"product_tag-supplier-silk-robe-for-bridal-wardrobes","11":"first","12":"instock","13":"featured","14":"shipping-taxable","15":"purchasable","16":"product-type-simple"},"_links":{"self":[{"href":"https:\/\/silk-pajamas.com\/de\/wp-json\/wp\/v2\/product\/623","targetHints":{"allow":["GET"]}}],"collection":[{"href":"https:\/\/silk-pajamas.com\/de\/wp-json\/wp\/v2\/product"}],"about":[{"href":"https:\/\/silk-pajamas.com\/de\/wp-json\/wp\/v2\/types\/product"}],"wp:featuredmedia":[{"embeddable":true,"href":"https:\/\/silk-pajamas.com\/de\/wp-json\/wp\/v2\/media\/2521"}],"wp:attachment":[{"href":"https:\/\/silk-pajamas.com\/de\/wp-json\/wp\/v2\/media?parent=623"}],"wp:term":[{"taxonomy":"product_brand","embeddable":true,"href":"https:\/\/silk-pajamas.com\/de\/wp-json\/wp\/v2\/product_brand?post=623"},{"taxonomy":"product_cat","embeddable":true,"href":"https:\/\/silk-pajamas.com\/de\/wp-json\/wp\/v2\/product_cat?post=623"},{"taxonomy":"product_tag","embeddable":true,"href":"https:\/\/silk-pajamas.com\/de\/wp-json\/wp\/v2\/product_tag?post=623"}],"curies":[{"name":"wp","href":"https:\/\/api.w.org\/{rel}","templated":true}]}}