{"id":627,"date":"2026-04-12T15:43:13","date_gmt":"2026-04-12T15:43:13","guid":{"rendered":"https:\/\/silk-pajamas.com\/25-momme-charmeuse-silk-robe-printed-navy\/"},"modified":"2026-05-08T13:15:57","modified_gmt":"2026-05-08T13:15:57","slug":"25-momme-charmeuse-silk-robe-printed-navy","status":"publish","type":"product","link":"https:\/\/silk-pajamas.com\/de\/25-momme-charmeuse-silk-robe-printed-navy\/","title":{"rendered":"25 Momme Charmeuse Seidenmantel bedruckt Navy"},"content":{"rendered":"<p>Dieser Morgenmantel und Kimono aus 25 Momme-Charmeuse-Seide ist leicht, f\u00fchlt sich sanft auf der Haut an und bietet elegante Bewegungsfreiheit. Die bedruckte Konstruktion und die marineblaue Farbe sorgen f\u00fcr einen eleganten Look f\u00fcr den Urlaubsort. Erh\u00e4ltlich in Custom. Kalt von Hand waschen oder im Schonwaschgang.<\/p>","protected":false},"excerpt":{"rendered":"<p>25 Momme Charmeuse Seide Robe und Kimono Schicht in Navy. Bedruckte Oberfl\u00e4che, leichtes Tragegef\u00fchl und Gr\u00f6\u00dfenauswahl Custom. Entworfen f\u00fcr den Urlaubsort Dressing.<\/p>","protected":false},"featured_media":2366,"template":"","meta":{"_gspb_post_css":""},"product_brand":[],"product_cat":[24],"product_tag":[242,256,257],"class_list":{"0":"post-627","1":"product","2":"type-product","3":"status-publish","4":"has-post-thumbnail","6":"product_cat-silk-robes-and-kimonos","7":"product_tag-25-momme-silk-robe-navy","8":"product_tag-charmeuse-silk-robe-printed","9":"product_tag-wholesale-silk-robe-for-resort-dressing","11":"first","12":"instock","13":"shipping-taxable","14":"purchasable","15":"product-type-simple"},"_links":{"self":[{"href":"https:\/\/silk-pajamas.com\/de\/wp-json\/wp\/v2\/product\/627","targetHints":{"allow":["GET"]}}],"collection":[{"href":"https:\/\/silk-pajamas.com\/de\/wp-json\/wp\/v2\/product"}],"about":[{"href":"https:\/\/silk-pajamas.com\/de\/wp-json\/wp\/v2\/types\/product"}],"wp:featuredmedia":[{"embeddable":true,"href":"https:\/\/silk-pajamas.com\/de\/wp-json\/wp\/v2\/media\/2366"}],"wp:attachment":[{"href":"https:\/\/silk-pajamas.com\/de\/wp-json\/wp\/v2\/media?parent=627"}],"wp:term":[{"taxonomy":"product_brand","embeddable":true,"href":"https:\/\/silk-pajamas.com\/de\/wp-json\/wp\/v2\/product_brand?post=627"},{"taxonomy":"product_cat","embeddable":true,"href":"https:\/\/silk-pajamas.com\/de\/wp-json\/wp\/v2\/product_cat?post=627"},{"taxonomy":"product_tag","embeddable":true,"href":"https:\/\/silk-pajamas.com\/de\/wp-json\/wp\/v2\/product_tag?post=627"}],"curies":[{"name":"wp","href":"https:\/\/api.w.org\/{rel}","templated":true}]}}