{"id":630,"date":"2026-04-12T15:43:13","date_gmt":"2026-04-12T15:43:13","guid":{"rendered":"https:\/\/silk-pajamas.com\/19-momme-crepe-silk-kimono-robe-mid-length-emerald\/"},"modified":"2026-05-09T01:50:13","modified_gmt":"2026-05-09T01:50:13","slug":"19-momme-crepe-silk-kimono-robe-mid-length-emerald","status":"publish","type":"product","link":"https:\/\/silk-pajamas.com\/de\/19-momme-crepe-silk-kimono-robe-mid-length-emerald\/","title":{"rendered":"19 Momme Krepp Seide Kimono Robe Mittellang Smaragd"},"content":{"rendered":"<p>Dieser Bademantel und Kimono ist aus 19 Momme-Cr\u00eape-Seide in einem Smaragdton gefertigt. Er hat eine mittlere L\u00e4nge, ein weiches Handgef\u00fchl und einen bequemen Faltenwurf f\u00fcr Spa-Programme. Das Modell ist in Einheitsgr\u00f6\u00dfe erh\u00e4ltlich und eignet sich gut f\u00fcr den Sommer, zum Verschenken und f\u00fcr den t\u00e4glichen Komfort. Handw\u00e4sche kalt oder im Schonwaschgang.<\/p>","protected":false},"excerpt":{"rendered":"<p>19 Momme Crepe Seidenmantel und Kimono in Emerald. Mittellange Ausf\u00fchrung, weicher Faltenwurf und Gr\u00f6\u00dfenbereich One Size. Entworfen f\u00fcr Spa-Programme.<\/p>","protected":false},"featured_media":2377,"template":"","meta":{"_gspb_post_css":""},"product_brand":[],"product_cat":[24],"product_tag":[259,226,241],"class_list":{"0":"post-630","1":"product","2":"type-product","3":"status-publish","4":"has-post-thumbnail","6":"product_cat-silk-robes-and-kimonos","7":"product_tag-19-momme-silk-robe-emerald","8":"product_tag-crepe-silk-robe-mid-length","9":"product_tag-vendor-silk-robe-for-spa-programs","11":"first","12":"instock","13":"shipping-taxable","14":"purchasable","15":"product-type-simple"},"_links":{"self":[{"href":"https:\/\/silk-pajamas.com\/de\/wp-json\/wp\/v2\/product\/630","targetHints":{"allow":["GET"]}}],"collection":[{"href":"https:\/\/silk-pajamas.com\/de\/wp-json\/wp\/v2\/product"}],"about":[{"href":"https:\/\/silk-pajamas.com\/de\/wp-json\/wp\/v2\/types\/product"}],"wp:featuredmedia":[{"embeddable":true,"href":"https:\/\/silk-pajamas.com\/de\/wp-json\/wp\/v2\/media\/2377"}],"wp:attachment":[{"href":"https:\/\/silk-pajamas.com\/de\/wp-json\/wp\/v2\/media?parent=630"}],"wp:term":[{"taxonomy":"product_brand","embeddable":true,"href":"https:\/\/silk-pajamas.com\/de\/wp-json\/wp\/v2\/product_brand?post=630"},{"taxonomy":"product_cat","embeddable":true,"href":"https:\/\/silk-pajamas.com\/de\/wp-json\/wp\/v2\/product_cat?post=630"},{"taxonomy":"product_tag","embeddable":true,"href":"https:\/\/silk-pajamas.com\/de\/wp-json\/wp\/v2\/product_tag?post=630"}],"curies":[{"name":"wp","href":"https:\/\/api.w.org\/{rel}","templated":true}]}}