{"id":631,"date":"2026-04-12T15:43:13","date_gmt":"2026-04-12T15:43:13","guid":{"rendered":"https:\/\/silk-pajamas.com\/19-momme-crepe-silk-kimono-robe-jacquard-lilac\/"},"modified":"2026-05-09T01:54:00","modified_gmt":"2026-05-09T01:54:00","slug":"19-momme-crepe-silk-kimono-robe-jacquard-lilac","status":"publish","type":"product","link":"https:\/\/silk-pajamas.com\/de\/19-momme-crepe-silk-kimono-robe-jacquard-lilac\/","title":{"rendered":"19 Momme Cr\u00eape Seiden-Kimono-Bademantel Jacquard Flieder"},"content":{"rendered":"<p>Dieser Bademantel und Kimono ist aus 19 Momme-Cr\u00eape-Seide in einem Fliederton gefertigt. Er zeichnet sich durch Jacquard, ein weiches Handgef\u00fchl und einen bequemen Faltenwurf f\u00fcr Spa-Programme aus. Das Modell ist in den Gr\u00f6\u00dfen S, M, L und XL erh\u00e4ltlich und eignet sich f\u00fcr den Sommer, zum Verschenken und f\u00fcr den t\u00e4glichen Komfort. Kalt von Hand waschen oder im Schonwaschgang.<\/p>","protected":false},"excerpt":{"rendered":"<p>19 Momme Crepe Seidenmantel und Kimono in Flieder. Jacquard-Finish, weicher Griff und Gr\u00f6\u00dfenauswahl S, M, L, XL. Entworfen f\u00fcr Spa-Programme.<\/p>","protected":false},"featured_media":2379,"template":"","meta":{"_gspb_post_css":""},"product_brand":[],"product_cat":[24],"product_tag":[260,261,237],"class_list":{"0":"post-631","1":"product","2":"type-product","3":"status-publish","4":"has-post-thumbnail","6":"product_cat-silk-robes-and-kimonos","7":"product_tag-19-momme-silk-robe-lilac","8":"product_tag-crepe-silk-robe-jacquard","9":"product_tag-wholesale-silk-robe-for-spa-programs","11":"first","12":"instock","13":"shipping-taxable","14":"purchasable","15":"product-type-simple"},"_links":{"self":[{"href":"https:\/\/silk-pajamas.com\/de\/wp-json\/wp\/v2\/product\/631","targetHints":{"allow":["GET"]}}],"collection":[{"href":"https:\/\/silk-pajamas.com\/de\/wp-json\/wp\/v2\/product"}],"about":[{"href":"https:\/\/silk-pajamas.com\/de\/wp-json\/wp\/v2\/types\/product"}],"wp:featuredmedia":[{"embeddable":true,"href":"https:\/\/silk-pajamas.com\/de\/wp-json\/wp\/v2\/media\/2379"}],"wp:attachment":[{"href":"https:\/\/silk-pajamas.com\/de\/wp-json\/wp\/v2\/media?parent=631"}],"wp:term":[{"taxonomy":"product_brand","embeddable":true,"href":"https:\/\/silk-pajamas.com\/de\/wp-json\/wp\/v2\/product_brand?post=631"},{"taxonomy":"product_cat","embeddable":true,"href":"https:\/\/silk-pajamas.com\/de\/wp-json\/wp\/v2\/product_cat?post=631"},{"taxonomy":"product_tag","embeddable":true,"href":"https:\/\/silk-pajamas.com\/de\/wp-json\/wp\/v2\/product_tag?post=631"}],"curies":[{"name":"wp","href":"https:\/\/api.w.org\/{rel}","templated":true}]}}