{"id":637,"date":"2026-04-12T15:43:13","date_gmt":"2026-04-12T15:43:13","guid":{"rendered":"https:\/\/silk-pajamas.com\/22-momme-crepe-silk-lounge-bottoms-piped-leopard-vendor\/"},"modified":"2026-05-09T07:16:42","modified_gmt":"2026-05-09T07:16:42","slug":"22-momme-crepe-silk-lounge-bottoms-piped-leopard-vendor","status":"publish","type":"product","link":"https:\/\/silk-pajamas.com\/de\/22-momme-crepe-silk-lounge-bottoms-piped-leopard-vendor\/","title":{"rendered":"22 Momme Krepp-Seiden-Lounge-H\u00f6schen Paspeliert Leopard Verk\u00e4ufer"},"content":{"rendered":"<p>Diese Schlafunterhose ist aus 22 momme Kreppseide in einem Leopardenton gefertigt. Sie ist paspeliert, hat ein weiches Handgef\u00fchl und ist f\u00fcr Frauen und M\u00e4nner geeignet. Das Modell ist in den Gr\u00f6\u00dfen XS, S, M, L, XL und XXL erh\u00e4ltlich und eignet sich gut f\u00fcr den Sommer, zum Verschenken und f\u00fcr den t\u00e4glichen Komfort. Kalt von Hand waschen oder im Schonwaschgang.<\/p>","protected":false},"excerpt":{"rendered":"<p>22 Momme Crepe-Seiden-Schlafanz\u00fcge in Leopard. Paspeliert, atmungsaktiv und in den Gr\u00f6\u00dfen XS, S, M, L, XL, XXL erh\u00e4ltlich. Entworfen f\u00fcr Frauen und M\u00e4nner.<\/p>","protected":false},"featured_media":2331,"template":"","meta":{"_gspb_post_css":""},"product_brand":[],"product_cat":[26],"product_tag":[271,272,273],"class_list":{"0":"post-637","1":"product","2":"type-product","3":"status-publish","4":"has-post-thumbnail","6":"product_cat-silk-sleep-bottoms","7":"product_tag-22-momme-silk-sleep-pants-leopard","8":"product_tag-crepe-silk-sleep-pants-piped","9":"product_tag-vendor-silk-sleep-pants-for-women-and-men","11":"first","12":"instock","13":"featured","14":"shipping-taxable","15":"purchasable","16":"product-type-simple"},"_links":{"self":[{"href":"https:\/\/silk-pajamas.com\/de\/wp-json\/wp\/v2\/product\/637","targetHints":{"allow":["GET"]}}],"collection":[{"href":"https:\/\/silk-pajamas.com\/de\/wp-json\/wp\/v2\/product"}],"about":[{"href":"https:\/\/silk-pajamas.com\/de\/wp-json\/wp\/v2\/types\/product"}],"wp:featuredmedia":[{"embeddable":true,"href":"https:\/\/silk-pajamas.com\/de\/wp-json\/wp\/v2\/media\/2331"}],"wp:attachment":[{"href":"https:\/\/silk-pajamas.com\/de\/wp-json\/wp\/v2\/media?parent=637"}],"wp:term":[{"taxonomy":"product_brand","embeddable":true,"href":"https:\/\/silk-pajamas.com\/de\/wp-json\/wp\/v2\/product_brand?post=637"},{"taxonomy":"product_cat","embeddable":true,"href":"https:\/\/silk-pajamas.com\/de\/wp-json\/wp\/v2\/product_cat?post=637"},{"taxonomy":"product_tag","embeddable":true,"href":"https:\/\/silk-pajamas.com\/de\/wp-json\/wp\/v2\/product_tag?post=637"}],"curies":[{"name":"wp","href":"https:\/\/api.w.org\/{rel}","templated":true}]}}